{"id":3969,"date":"2016-05-25T07:40:30","date_gmt":"2016-05-25T07:40:30","guid":{"rendered":"http:\/\/www.clinica-picasso.eu\/en\/arzt-mallorca-innere-medizin-dr-med-christian-emanuel-gmelin-klinik\/"},"modified":"2025-08-13T15:03:45","modified_gmt":"2025-08-13T13:03:45","slug":"gynaecologist-mallorca-doctor-nele-braun","status":"publish","type":"page","link":"https:\/\/www.clinica-picasso.eu\/en\/gynaecologist-mallorca-doctor-nele-braun\/","title":{"rendered":"Dr Nele Braun"},"content":{"rendered":"","protected":false},"excerpt":{"rendered":"","protected":false},"author":8,"featured_media":0,"parent":0,"menu_order":0,"comment_status":"open","ping_status":"open","template":"","meta":{"footnotes":""},"class_list":["post-3969","page","type-page","status-publish","hentry"],"yoast_head":"<!-- This site is optimized with the Yoast SEO plugin v27.3 - https:\/\/yoast.com\/product\/yoast-seo-wordpress\/ -->\n<title>Dr. Nele Braun | Deutsche Fach\u00e4rztin f\u00fcr Gyn\u00e4kologie | Clinica Picasso<\/title>\n<meta name=\"description\" content=\"Dr. Nele Braun, Ihre deutsche Fach\u00e4rztin f\u00fcr Gyn\u00e4kologie und Geburtshilfe bietet in der Clinica Picasso Mallorca alle wichtigen Untersuchungen der Schwangerenbetreuung und Gyn\u00e4kologie an.\" \/>\n<meta name=\"robots\" content=\"index, follow, max-snippet:-1, max-image-preview:large, max-video-preview:-1\" \/>\n<link rel=\"canonical\" href=\"https:\/\/www.clinica-picasso.eu\/en\/gynaecologist-mallorca-doctor-nele-braun\/\" \/>\n<meta property=\"og:locale\" content=\"en_US\" \/>\n<meta property=\"og:type\" content=\"article\" \/>\n<meta property=\"og:title\" content=\"Dr. Nele Braun | Deutsche Fach\u00e4rztin f\u00fcr Gyn\u00e4kologie | Clinica Picasso\" \/>\n<meta property=\"og:description\" content=\"Dr. Nele Braun, Ihre deutsche Fach\u00e4rztin f\u00fcr Gyn\u00e4kologie und Geburtshilfe bietet in der Clinica Picasso Mallorca alle wichtigen Untersuchungen der Schwangerenbetreuung und Gyn\u00e4kologie an.\" \/>\n<meta property=\"og:url\" content=\"https:\/\/www.clinica-picasso.eu\/en\/gynaecologist-mallorca-doctor-nele-braun\/\" \/>\n<meta property=\"og:site_name\" content=\"Clinica Picasso\" \/>\n<meta property=\"article:publisher\" content=\"https:\/\/www.facebook.com\/clinicapicasso\/\" \/>\n<meta property=\"article:modified_time\" content=\"2025-08-13T13:03:45+00:00\" \/>\n<script type=\"application\/ld+json\" class=\"yoast-schema-graph\">{\"@context\":\"https:\\\/\\\/schema.org\",\"@graph\":[{\"@type\":\"WebPage\",\"@id\":\"https:\\\/\\\/www.clinica-picasso.eu\\\/en\\\/gynaecologist-mallorca-doctor-nele-braun\\\/\",\"url\":\"https:\\\/\\\/www.clinica-picasso.eu\\\/en\\\/gynaecologist-mallorca-doctor-nele-braun\\\/\",\"name\":\"Dr. Nele Braun | Deutsche Fach\u00e4rztin f\u00fcr Gyn\u00e4kologie | Clinica Picasso\",\"isPartOf\":{\"@id\":\"https:\\\/\\\/www.clinica-picasso.eu\\\/#website\"},\"datePublished\":\"2016-05-25T07:40:30+00:00\",\"dateModified\":\"2025-08-13T13:03:45+00:00\",\"description\":\"Dr. Nele Braun, Ihre deutsche Fach\u00e4rztin f\u00fcr Gyn\u00e4kologie und Geburtshilfe bietet in der Clinica Picasso Mallorca alle wichtigen Untersuchungen der Schwangerenbetreuung und Gyn\u00e4kologie an.\",\"breadcrumb\":{\"@id\":\"https:\\\/\\\/www.clinica-picasso.eu\\\/en\\\/gynaecologist-mallorca-doctor-nele-braun\\\/#breadcrumb\"},\"inLanguage\":\"en-US\",\"potentialAction\":[{\"@type\":\"ReadAction\",\"target\":[\"https:\\\/\\\/www.clinica-picasso.eu\\\/en\\\/gynaecologist-mallorca-doctor-nele-braun\\\/\"]}]},{\"@type\":\"BreadcrumbList\",\"@id\":\"https:\\\/\\\/www.clinica-picasso.eu\\\/en\\\/gynaecologist-mallorca-doctor-nele-braun\\\/#breadcrumb\",\"itemListElement\":[{\"@type\":\"ListItem\",\"position\":1,\"name\":\"Startseite\",\"item\":\"https:\\\/\\\/www.clinica-picasso.eu\\\/en\\\/\"},{\"@type\":\"ListItem\",\"position\":2,\"name\":\"Dr Nele Braun\"}]},{\"@type\":\"WebSite\",\"@id\":\"https:\\\/\\\/www.clinica-picasso.eu\\\/#website\",\"url\":\"https:\\\/\\\/www.clinica-picasso.eu\\\/\",\"name\":\"Clinica Picasso\",\"description\":\"Arzt Klinik Mallorca - in unserem Internationalen Facharzt-Zentrum finden Sie u.a.: Chirurg, Kinderarzt, Urologe, Psychologe, Zahnarzt, Dermatologe, Urologe, HNO, Orthop\u00e4de, Neurologe, Psychotherapeut...\",\"publisher\":{\"@id\":\"https:\\\/\\\/www.clinica-picasso.eu\\\/#organization\"},\"potentialAction\":[{\"@type\":\"SearchAction\",\"target\":{\"@type\":\"EntryPoint\",\"urlTemplate\":\"https:\\\/\\\/www.clinica-picasso.eu\\\/?s={search_term_string}\"},\"query-input\":{\"@type\":\"PropertyValueSpecification\",\"valueRequired\":true,\"valueName\":\"search_term_string\"}}],\"inLanguage\":\"en-US\"},{\"@type\":\"Organization\",\"@id\":\"https:\\\/\\\/www.clinica-picasso.eu\\\/#organization\",\"name\":\"Clinica Picasso\",\"url\":\"https:\\\/\\\/www.clinica-picasso.eu\\\/\",\"logo\":{\"@type\":\"ImageObject\",\"inLanguage\":\"en-US\",\"@id\":\"https:\\\/\\\/www.clinica-picasso.eu\\\/#\\\/schema\\\/logo\\\/image\\\/\",\"url\":\"https:\\\/\\\/www.clinica-picasso.eu\\\/wp-content\\\/uploads\\\/2025\\\/09\\\/clipic-logo-only-2.webp\",\"contentUrl\":\"https:\\\/\\\/www.clinica-picasso.eu\\\/wp-content\\\/uploads\\\/2025\\\/09\\\/clipic-logo-only-2.webp\",\"width\":162,\"height\":210,\"caption\":\"Clinica Picasso\"},\"image\":{\"@id\":\"https:\\\/\\\/www.clinica-picasso.eu\\\/#\\\/schema\\\/logo\\\/image\\\/\"},\"sameAs\":[\"https:\\\/\\\/www.facebook.com\\\/clinicapicasso\\\/\",\"https:\\\/\\\/www.youtube.com\\\/channel\\\/UCJpffO0lLskkoFyPgbzQlcA\"]}]}<\/script>\n<!-- \/ Yoast SEO plugin. -->","yoast_head_json":{"title":"Dr. Nele Braun | Deutsche Fach\u00e4rztin f\u00fcr Gyn\u00e4kologie | Clinica Picasso","description":"Dr. Nele Braun, Ihre deutsche Fach\u00e4rztin f\u00fcr Gyn\u00e4kologie und Geburtshilfe bietet in der Clinica Picasso Mallorca alle wichtigen Untersuchungen der Schwangerenbetreuung und Gyn\u00e4kologie an.","robots":{"index":"index","follow":"follow","max-snippet":"max-snippet:-1","max-image-preview":"max-image-preview:large","max-video-preview":"max-video-preview:-1"},"canonical":"https:\/\/www.clinica-picasso.eu\/en\/gynaecologist-mallorca-doctor-nele-braun\/","og_locale":"en_US","og_type":"article","og_title":"Dr. Nele Braun | Deutsche Fach\u00e4rztin f\u00fcr Gyn\u00e4kologie | Clinica Picasso","og_description":"Dr. Nele Braun, Ihre deutsche Fach\u00e4rztin f\u00fcr Gyn\u00e4kologie und Geburtshilfe bietet in der Clinica Picasso Mallorca alle wichtigen Untersuchungen der Schwangerenbetreuung und Gyn\u00e4kologie an.","og_url":"https:\/\/www.clinica-picasso.eu\/en\/gynaecologist-mallorca-doctor-nele-braun\/","og_site_name":"Clinica Picasso","article_publisher":"https:\/\/www.facebook.com\/clinicapicasso\/","article_modified_time":"2025-08-13T13:03:45+00:00","schema":{"@context":"https:\/\/schema.org","@graph":[{"@type":"WebPage","@id":"https:\/\/www.clinica-picasso.eu\/en\/gynaecologist-mallorca-doctor-nele-braun\/","url":"https:\/\/www.clinica-picasso.eu\/en\/gynaecologist-mallorca-doctor-nele-braun\/","name":"Dr. Nele Braun | Deutsche Fach\u00e4rztin f\u00fcr Gyn\u00e4kologie | Clinica Picasso","isPartOf":{"@id":"https:\/\/www.clinica-picasso.eu\/#website"},"datePublished":"2016-05-25T07:40:30+00:00","dateModified":"2025-08-13T13:03:45+00:00","description":"Dr. Nele Braun, Ihre deutsche Fach\u00e4rztin f\u00fcr Gyn\u00e4kologie und Geburtshilfe bietet in der Clinica Picasso Mallorca alle wichtigen Untersuchungen der Schwangerenbetreuung und Gyn\u00e4kologie an.","breadcrumb":{"@id":"https:\/\/www.clinica-picasso.eu\/en\/gynaecologist-mallorca-doctor-nele-braun\/#breadcrumb"},"inLanguage":"en-US","potentialAction":[{"@type":"ReadAction","target":["https:\/\/www.clinica-picasso.eu\/en\/gynaecologist-mallorca-doctor-nele-braun\/"]}]},{"@type":"BreadcrumbList","@id":"https:\/\/www.clinica-picasso.eu\/en\/gynaecologist-mallorca-doctor-nele-braun\/#breadcrumb","itemListElement":[{"@type":"ListItem","position":1,"name":"Startseite","item":"https:\/\/www.clinica-picasso.eu\/en\/"},{"@type":"ListItem","position":2,"name":"Dr Nele Braun"}]},{"@type":"WebSite","@id":"https:\/\/www.clinica-picasso.eu\/#website","url":"https:\/\/www.clinica-picasso.eu\/","name":"Clinica Picasso","description":"Arzt Klinik Mallorca - in unserem Internationalen Facharzt-Zentrum finden Sie u.a.: Chirurg, Kinderarzt, Urologe, Psychologe, Zahnarzt, Dermatologe, Urologe, HNO, Orthop\u00e4de, Neurologe, Psychotherapeut...","publisher":{"@id":"https:\/\/www.clinica-picasso.eu\/#organization"},"potentialAction":[{"@type":"SearchAction","target":{"@type":"EntryPoint","urlTemplate":"https:\/\/www.clinica-picasso.eu\/?s={search_term_string}"},"query-input":{"@type":"PropertyValueSpecification","valueRequired":true,"valueName":"search_term_string"}}],"inLanguage":"en-US"},{"@type":"Organization","@id":"https:\/\/www.clinica-picasso.eu\/#organization","name":"Clinica Picasso","url":"https:\/\/www.clinica-picasso.eu\/","logo":{"@type":"ImageObject","inLanguage":"en-US","@id":"https:\/\/www.clinica-picasso.eu\/#\/schema\/logo\/image\/","url":"https:\/\/www.clinica-picasso.eu\/wp-content\/uploads\/2025\/09\/clipic-logo-only-2.webp","contentUrl":"https:\/\/www.clinica-picasso.eu\/wp-content\/uploads\/2025\/09\/clipic-logo-only-2.webp","width":162,"height":210,"caption":"Clinica Picasso"},"image":{"@id":"https:\/\/www.clinica-picasso.eu\/#\/schema\/logo\/image\/"},"sameAs":["https:\/\/www.facebook.com\/clinicapicasso\/","https:\/\/www.youtube.com\/channel\/UCJpffO0lLskkoFyPgbzQlcA"]}]}},"_links":{"self":[{"href":"https:\/\/www.clinica-picasso.eu\/en\/wp-json\/wp\/v2\/pages\/3969","targetHints":{"allow":["GET"]}}],"collection":[{"href":"https:\/\/www.clinica-picasso.eu\/en\/wp-json\/wp\/v2\/pages"}],"about":[{"href":"https:\/\/www.clinica-picasso.eu\/en\/wp-json\/wp\/v2\/types\/page"}],"author":[{"embeddable":true,"href":"https:\/\/www.clinica-picasso.eu\/en\/wp-json\/wp\/v2\/users\/8"}],"replies":[{"embeddable":true,"href":"https:\/\/www.clinica-picasso.eu\/en\/wp-json\/wp\/v2\/comments?post=3969"}],"version-history":[{"count":4,"href":"https:\/\/www.clinica-picasso.eu\/en\/wp-json\/wp\/v2\/pages\/3969\/revisions"}],"predecessor-version":[{"id":5110,"href":"https:\/\/www.clinica-picasso.eu\/en\/wp-json\/wp\/v2\/pages\/3969\/revisions\/5110"}],"wp:attachment":[{"href":"https:\/\/www.clinica-picasso.eu\/en\/wp-json\/wp\/v2\/media?parent=3969"}],"curies":[{"name":"wp","href":"https:\/\/api.w.org\/{rel}","templated":true}]}}