{"id":4045,"date":"2016-09-14T09:07:56","date_gmt":"2016-09-14T09:07:56","guid":{"rendered":"http:\/\/www.clinica-picasso.eu\/impressum\/"},"modified":"2017-09-28T07:33:32","modified_gmt":"2017-09-28T07:33:32","slug":"legal-warning","status":"publish","type":"page","link":"https:\/\/www.clinica-picasso.eu\/en\/legal-warning\/","title":{"rendered":"Legal warning"},"content":{"rendered":"<div class=\"txt_divider extra_spacing\"><\/div>\n<h2 class=\"title_dec\">IMPRESSUM<\/h2>\n<p><strong>Clinica Picasso SL<\/strong><br \/>\nAvd. Picasso 57<br \/>\nE-07014 Palma de Mallorca<br \/>\nSpanien<\/p>\n<p><strong>Tel:<\/strong> 0034-971-22 12 58<br \/>\n<strong>Mobil:<\/strong> 0034-627 49 76 49<br \/>\n<strong>Fax:<\/strong> 0034-971 22 13 72<\/p>\n<p><strong>EMail:<\/strong> <a href=\"mailto:info@clinica-picasso.eu\">info@clinica-picasso.eu<\/a><br \/>\n<strong>Internet:<\/strong> <a href=\"http:\/\/www.clinica-picasso.eu\/\">www.clinica-picasso.eu<\/a><\/p>\n<h3>Aufsichtsbeh\u00f6rde: <\/h3>\n<p>Colegio Oficial de Medicos de Baleares, Palma de Mallorca<\/p>\n<div class=\"txt_divider extra_spacing\"><\/div>\n<h2 class=\"title_dec\">HAFTUNGSAUSCHLUSS<\/h2>\n<h3>1. Inhalt<\/h3>\n<p>Der Herausgeber dieser Homepage \u00fcbernimmt keinerlei Gew\u00e4hr f\u00fcr die Aktualit\u00e4t, Korrektheit, Vollst\u00e4ndigkeit oder Qualit\u00e4t der angebotenen Informationen. Haftungsanspr\u00fcche gegen den Herausgeber, die durch die Nutzung oder Nichtnutzung der dargebotenen Informationen bzw. durch die Nutzung fehlerhafter und unvollst\u00e4ndiger Informationen verursacht wurden, sind grunds\u00e4tzlich komplett ausgeschlossen. Alle Angebote sind freibleibend und unverbindlich.<br \/>\nDer Herausgeber beh\u00e4lt sich ausdr\u00fccklich das Recht vor, Teile der Seiten oder das gesamte Angebot ohne gesonderte Ank\u00fcndigung zu ver\u00e4ndern, zu erg\u00e4nzen, zu l\u00f6schen oder die Ver\u00f6ffentlichung zeitweise oder endg\u00fcltig einzustellen.<\/p>\n<h3>2. Verweise und Links<\/h3>\n<p>Mit Urteil vom 12. Mai 1998 hat das Landgericht Hamburg entschieden, da\u00df durch die Ausbringung eines Links die Inhalte der gelinkten Seite ggf. mit zu verantworten sind. Dies kann \u2013 so das LG \u2013 nur dadurch verhindert werden, da\u00df man sich ausdr\u00fccklich von diesen Inhalten distanziert. Sie finden auf unseren Seiten Links zu anderen Seiten im Internet. F\u00fcr all diese Links gilt: Wir m\u00f6chten ausdr\u00fccklich betonen, da\u00df wir keinerlei M\u00f6glichkeit der Einflussnahme auf die Gestaltung und die Inhalte der gelinkten Seiten haben. Deshalb distanzieren wir uns hiermit ausdr\u00fccklich von allen Inhalten aller gelinkten Seiten auf unserer Homepage. Diese Erkl\u00e4rung gilt f\u00fcr alle auf unseren Seiten aufgef\u00fchrten Links und f\u00fcr alle Inhalte der Seiten, zu denen diese f\u00fchren! Der Herausgeber erkl\u00e4rt daher ausdr\u00fccklich, dass zum Zeitpunkt der Linksetzung die entsprechenden verlinkten Seiten frei von illegalen Inhalten waren. F\u00fcr illegale, fehlerhafte oder unvollst\u00e4ndige Inhalte und insbesondere f\u00fcr Sch\u00e4den, die aus der Nutzung oder Nichtnutzung solcherart dargebotener Informationen entstehen, haftet allein der Anbieter der Seite, auf welche verwiesen wurde, nicht derjenige, der \u00fcber Links auf die jeweilige Ver\u00f6ffentlichung lediglich verweist.<\/p>\n<h3>3. Urheberrecht<\/h3>\n<p>Der Herausgeber ist bestrebt, in allen Publikationen die Urheberrechte der verwendeten Objekte zu beachten, von ihm selbst erstellte Objekte zu nutzen oder auf lizenzfreie Objekte zur\u00fcckzugreifen. Alle innerhalb des Internetangebotes genannten und ggf. durch Dritte gesch\u00fctzten Marken- und Warenzeichen unterliegen uneingeschr\u00e4nkt den Bestimmungen des jeweils g\u00fcltigen Kennzeichenrechts und den Besitzrechten der jeweiligen eingetragenen Eigent\u00fcmer. Das Copyright f\u00fcr ver\u00f6ffentlichte, vom Herausgeber selbst erstellte Objekte bleibt allein beim Herausgeber der Seiten. Eine Vervielf\u00e4ltigung oder Verwendung solcher Objekte in anderen elektronischen oder gedruckten Publikationen ist ohne ausdr\u00fcckliche Zustimmung des Herausgebers nicht gestattet.<\/p>\n<h3>4. Datenschutz<\/h3>\n<p>Sofern innerhalb des Internetangebotes die M\u00f6glichkeit zur Eingabe pers\u00f6nlicher oder gesch\u00e4ftlicher Daten (E-Mail-Adressen, Namen, Anschriften) besteht, so erfolgt die Preisgabe dieser Daten seitens des Nutzers auf ausdr\u00fccklich freiwilliger Basis. Die Inanspruchnahme und Bezahlung aller angebotenen Dienste ist \u2013 soweit technisch m\u00f6glich und zumutbar \u2013 auch ohne Angabe solcher Daten bzw. unter Angabe anonymisierter Daten oder eines Pseudonyms gestattet.<\/p>\n<h3>5. Rechtswirksamkeit dieses Haftungsausschlusses<\/h3>\n<p>Dieser Haftungsausschluss ist als Teil des Internetangebotes zu betrachten, von dem aus auf diese Seite verwiesen wurde. Sofern Teile oder einzelne Formulierungen dieses Textes der geltenden Rechtslage nicht, nicht mehr oder nicht vollst\u00e4ndig entsprechen sollten, bleiben die \u00fcbrigen Teile dieses Dokumentes in ihrem Inhalt und ihrer G\u00fcltigkeit davon unber\u00fchrt <\/p>\n<div class=\"txt_divider extra_spacing\"><\/div>\n","protected":false},"excerpt":{"rendered":"<p>IMPRESSUM Clinica Picasso SL Avd. Picasso 57 E-07014 Palma de Mallorca Spanien Tel: 0034-971-22 12 58 Mobil: 0034-627 49 76 49 Fax: 0034-971 22 13 72 [&hellip;]<\/p>\n","protected":false},"author":8,"featured_media":0,"parent":0,"menu_order":0,"comment_status":"closed","ping_status":"closed","template":"","meta":{"footnotes":""},"class_list":["post-4045","page","type-page","status-publish","hentry"],"yoast_head":"<!-- This site is optimized with the Yoast SEO plugin v27.3 - https:\/\/yoast.com\/product\/yoast-seo-wordpress\/ -->\n<title>Legal warning | Clinica Picasso<\/title>\n<meta name=\"robots\" content=\"index, follow, max-snippet:-1, max-image-preview:large, max-video-preview:-1\" \/>\n<link rel=\"canonical\" href=\"https:\/\/www.clinica-picasso.eu\/en\/legal-warning\/\" \/>\n<meta property=\"og:locale\" content=\"en_US\" \/>\n<meta property=\"og:type\" content=\"article\" \/>\n<meta property=\"og:title\" content=\"Legal warning | Clinica Picasso\" \/>\n<meta property=\"og:description\" content=\"IMPRESSUM Clinica Picasso SL Avd. Picasso 57 E-07014 Palma de Mallorca Spanien Tel: 0034-971-22 12 58 Mobil: 0034-627 49 76 49 Fax: 0034-971 22 13 72 [&hellip;]\" \/>\n<meta property=\"og:url\" content=\"https:\/\/www.clinica-picasso.eu\/en\/legal-warning\/\" \/>\n<meta property=\"og:site_name\" content=\"Clinica Picasso\" \/>\n<meta property=\"article:publisher\" content=\"https:\/\/www.facebook.com\/clinicapicasso\/\" \/>\n<meta property=\"article:modified_time\" content=\"2017-09-28T07:33:32+00:00\" \/>\n<meta name=\"twitter:label1\" content=\"Est. reading time\" \/>\n\t<meta name=\"twitter:data1\" content=\"3 minutes\" \/>\n<script type=\"application\/ld+json\" class=\"yoast-schema-graph\">{\"@context\":\"https:\\\/\\\/schema.org\",\"@graph\":[{\"@type\":\"WebPage\",\"@id\":\"https:\\\/\\\/www.clinica-picasso.eu\\\/en\\\/legal-warning\\\/\",\"url\":\"https:\\\/\\\/www.clinica-picasso.eu\\\/en\\\/legal-warning\\\/\",\"name\":\"Legal warning | Clinica Picasso\",\"isPartOf\":{\"@id\":\"https:\\\/\\\/www.clinica-picasso.eu\\\/#website\"},\"datePublished\":\"2016-09-14T09:07:56+00:00\",\"dateModified\":\"2017-09-28T07:33:32+00:00\",\"breadcrumb\":{\"@id\":\"https:\\\/\\\/www.clinica-picasso.eu\\\/en\\\/legal-warning\\\/#breadcrumb\"},\"inLanguage\":\"en-US\",\"potentialAction\":[{\"@type\":\"ReadAction\",\"target\":[\"https:\\\/\\\/www.clinica-picasso.eu\\\/en\\\/legal-warning\\\/\"]}]},{\"@type\":\"BreadcrumbList\",\"@id\":\"https:\\\/\\\/www.clinica-picasso.eu\\\/en\\\/legal-warning\\\/#breadcrumb\",\"itemListElement\":[{\"@type\":\"ListItem\",\"position\":1,\"name\":\"Startseite\",\"item\":\"https:\\\/\\\/www.clinica-picasso.eu\\\/en\\\/\"},{\"@type\":\"ListItem\",\"position\":2,\"name\":\"Legal warning\"}]},{\"@type\":\"WebSite\",\"@id\":\"https:\\\/\\\/www.clinica-picasso.eu\\\/#website\",\"url\":\"https:\\\/\\\/www.clinica-picasso.eu\\\/\",\"name\":\"Clinica Picasso\",\"description\":\"Arzt Klinik Mallorca - in unserem Internationalen Facharzt-Zentrum finden Sie u.a.: Chirurg, Kinderarzt, Urologe, Psychologe, Zahnarzt, Dermatologe, Urologe, HNO, Orthop\u00e4de, Neurologe, Psychotherapeut...\",\"publisher\":{\"@id\":\"https:\\\/\\\/www.clinica-picasso.eu\\\/#organization\"},\"potentialAction\":[{\"@type\":\"SearchAction\",\"target\":{\"@type\":\"EntryPoint\",\"urlTemplate\":\"https:\\\/\\\/www.clinica-picasso.eu\\\/?s={search_term_string}\"},\"query-input\":{\"@type\":\"PropertyValueSpecification\",\"valueRequired\":true,\"valueName\":\"search_term_string\"}}],\"inLanguage\":\"en-US\"},{\"@type\":\"Organization\",\"@id\":\"https:\\\/\\\/www.clinica-picasso.eu\\\/#organization\",\"name\":\"Clinica Picasso\",\"url\":\"https:\\\/\\\/www.clinica-picasso.eu\\\/\",\"logo\":{\"@type\":\"ImageObject\",\"inLanguage\":\"en-US\",\"@id\":\"https:\\\/\\\/www.clinica-picasso.eu\\\/#\\\/schema\\\/logo\\\/image\\\/\",\"url\":\"https:\\\/\\\/www.clinica-picasso.eu\\\/wp-content\\\/uploads\\\/2025\\\/09\\\/clipic-logo-only-2.webp\",\"contentUrl\":\"https:\\\/\\\/www.clinica-picasso.eu\\\/wp-content\\\/uploads\\\/2025\\\/09\\\/clipic-logo-only-2.webp\",\"width\":162,\"height\":210,\"caption\":\"Clinica Picasso\"},\"image\":{\"@id\":\"https:\\\/\\\/www.clinica-picasso.eu\\\/#\\\/schema\\\/logo\\\/image\\\/\"},\"sameAs\":[\"https:\\\/\\\/www.facebook.com\\\/clinicapicasso\\\/\",\"https:\\\/\\\/www.youtube.com\\\/channel\\\/UCJpffO0lLskkoFyPgbzQlcA\"]}]}<\/script>\n<!-- \/ Yoast SEO plugin. -->","yoast_head_json":{"title":"Legal warning | Clinica Picasso","robots":{"index":"index","follow":"follow","max-snippet":"max-snippet:-1","max-image-preview":"max-image-preview:large","max-video-preview":"max-video-preview:-1"},"canonical":"https:\/\/www.clinica-picasso.eu\/en\/legal-warning\/","og_locale":"en_US","og_type":"article","og_title":"Legal warning | Clinica Picasso","og_description":"IMPRESSUM Clinica Picasso SL Avd. Picasso 57 E-07014 Palma de Mallorca Spanien Tel: 0034-971-22 12 58 Mobil: 0034-627 49 76 49 Fax: 0034-971 22 13 72 [&hellip;]","og_url":"https:\/\/www.clinica-picasso.eu\/en\/legal-warning\/","og_site_name":"Clinica Picasso","article_publisher":"https:\/\/www.facebook.com\/clinicapicasso\/","article_modified_time":"2017-09-28T07:33:32+00:00","twitter_misc":{"Est. reading time":"3 minutes"},"schema":{"@context":"https:\/\/schema.org","@graph":[{"@type":"WebPage","@id":"https:\/\/www.clinica-picasso.eu\/en\/legal-warning\/","url":"https:\/\/www.clinica-picasso.eu\/en\/legal-warning\/","name":"Legal warning | Clinica Picasso","isPartOf":{"@id":"https:\/\/www.clinica-picasso.eu\/#website"},"datePublished":"2016-09-14T09:07:56+00:00","dateModified":"2017-09-28T07:33:32+00:00","breadcrumb":{"@id":"https:\/\/www.clinica-picasso.eu\/en\/legal-warning\/#breadcrumb"},"inLanguage":"en-US","potentialAction":[{"@type":"ReadAction","target":["https:\/\/www.clinica-picasso.eu\/en\/legal-warning\/"]}]},{"@type":"BreadcrumbList","@id":"https:\/\/www.clinica-picasso.eu\/en\/legal-warning\/#breadcrumb","itemListElement":[{"@type":"ListItem","position":1,"name":"Startseite","item":"https:\/\/www.clinica-picasso.eu\/en\/"},{"@type":"ListItem","position":2,"name":"Legal warning"}]},{"@type":"WebSite","@id":"https:\/\/www.clinica-picasso.eu\/#website","url":"https:\/\/www.clinica-picasso.eu\/","name":"Clinica Picasso","description":"Arzt Klinik Mallorca - in unserem Internationalen Facharzt-Zentrum finden Sie u.a.: Chirurg, Kinderarzt, Urologe, Psychologe, Zahnarzt, Dermatologe, Urologe, HNO, Orthop\u00e4de, Neurologe, Psychotherapeut...","publisher":{"@id":"https:\/\/www.clinica-picasso.eu\/#organization"},"potentialAction":[{"@type":"SearchAction","target":{"@type":"EntryPoint","urlTemplate":"https:\/\/www.clinica-picasso.eu\/?s={search_term_string}"},"query-input":{"@type":"PropertyValueSpecification","valueRequired":true,"valueName":"search_term_string"}}],"inLanguage":"en-US"},{"@type":"Organization","@id":"https:\/\/www.clinica-picasso.eu\/#organization","name":"Clinica Picasso","url":"https:\/\/www.clinica-picasso.eu\/","logo":{"@type":"ImageObject","inLanguage":"en-US","@id":"https:\/\/www.clinica-picasso.eu\/#\/schema\/logo\/image\/","url":"https:\/\/www.clinica-picasso.eu\/wp-content\/uploads\/2025\/09\/clipic-logo-only-2.webp","contentUrl":"https:\/\/www.clinica-picasso.eu\/wp-content\/uploads\/2025\/09\/clipic-logo-only-2.webp","width":162,"height":210,"caption":"Clinica Picasso"},"image":{"@id":"https:\/\/www.clinica-picasso.eu\/#\/schema\/logo\/image\/"},"sameAs":["https:\/\/www.facebook.com\/clinicapicasso\/","https:\/\/www.youtube.com\/channel\/UCJpffO0lLskkoFyPgbzQlcA"]}]}},"_links":{"self":[{"href":"https:\/\/www.clinica-picasso.eu\/en\/wp-json\/wp\/v2\/pages\/4045","targetHints":{"allow":["GET"]}}],"collection":[{"href":"https:\/\/www.clinica-picasso.eu\/en\/wp-json\/wp\/v2\/pages"}],"about":[{"href":"https:\/\/www.clinica-picasso.eu\/en\/wp-json\/wp\/v2\/types\/page"}],"author":[{"embeddable":true,"href":"https:\/\/www.clinica-picasso.eu\/en\/wp-json\/wp\/v2\/users\/8"}],"replies":[{"embeddable":true,"href":"https:\/\/www.clinica-picasso.eu\/en\/wp-json\/wp\/v2\/comments?post=4045"}],"version-history":[{"count":0,"href":"https:\/\/www.clinica-picasso.eu\/en\/wp-json\/wp\/v2\/pages\/4045\/revisions"}],"wp:attachment":[{"href":"https:\/\/www.clinica-picasso.eu\/en\/wp-json\/wp\/v2\/media?parent=4045"}],"curies":[{"name":"wp","href":"https:\/\/api.w.org\/{rel}","templated":true}]}}