{"id":3666,"date":"2016-11-30T12:58:02","date_gmt":"2016-11-30T12:58:02","guid":{"rendered":"http:\/\/www.clinica-picasso.eu\/es\/?page_id=3666"},"modified":"2017-09-28T08:27:36","modified_gmt":"2017-09-28T08:27:36","slug":"politica-de-cookies","status":"publish","type":"page","link":"https:\/\/www.clinica-picasso.eu\/es\/politica-de-cookies\/","title":{"rendered":"POL\u00cdTICA DE COOKIES"},"content":{"rendered":"<section class=\"wpb-content-wrapper\"><p>[vc_row][vc_column css=&#8221;.vc_custom_1480510797610{padding-top: 30px !important;}&#8221;][vc_column_text]Clipic S.L informa a los usuarios de su p\u00e1gina web <a href=\"http:\/\/clinica-picasso.vl18595.dinaserver.com\">www.clinica-picasso.eu<\/a> que para el cumplimiento de la Ley de Cookies de car\u00e1cter europeo del 26 de Mayo de 2012, ha habilitado est\u00e1 p\u00e1gina para informar de dicha ley y cumplir con todos los requisitos que dicha ley impone.<\/p>\n<p>Esta nueva ley implica una serie de modificaciones en la web a nivel visual e informativo que explicamos a continuaci\u00f3n.<\/p>\n<h3>\u00bfQu\u00e9 dice la nueva ley de cookies?<\/h3>\n<p><strong>La Ley de Cookies expone el deber de las webs de:<\/strong><\/p>\n<ul>\n<li>explicar que es una cookie<\/li>\n<li>informar a los usuarios de que cookies usan en su web tanto propias como de terceros<\/li>\n<li>explicar c\u00f3mo se pueden desactivar<\/li>\n<\/ul>\n<h3>\u00bfQu\u00e9 es una Cookie?<\/h3>\n<p>Una cookie es un peque\u00f1o archivo compuesto de letras y n\u00fameros que se descarga en el ordenador o dispositivo de un usuario cuando \u00e9ste entra en ciertos webs. Las cookies permiten al website reconocer de forma an\u00f3nima al usuario.<\/p>\n<p>Las cookies en s\u00ed, no recogen informaci\u00f3n personal en la mayor\u00eda de los casos y no identifican a usuarios concretos. Las cookies sobre todo se usan para recoger informaci\u00f3n sobre el comportamiento del usuario en un website.<\/p>\n<h3>Tipos Cookies<\/h3>\n<p>Las cookies se pueden clasificar de manera general:<\/p>\n<ul>\n<li><strong>cookies propias de la web:<\/strong> las que coloca el propietario de una web para facilitar y mejorar la navegaci\u00f3n del usuario.<\/li>\n<li><strong>cookies de terceros:<\/strong> son cookies de terceros (otras empresas) pero que se aplican al entrar en una p\u00e1gina web en concreto. Por ejemplo las cookies de Google Analytics, Google Adwords o de sistemas de afiliaci\u00f3n.<\/li>\n<\/ul>\n<p>Dependiendo de la duraci\u00f3n de las cookies pueden encontrarse:<\/p>\n<ul>\n<li><strong>cookies de sesi\u00f3n:<\/strong> caducan al finalizar la sesi\u00f3n en el navegador<\/li>\n<li><strong>cookies permanentes:<\/strong> cookies que perduran aun habiendo acabado la sesi\u00f3n de navegaci\u00f3n y siguen activas un tiempo determinado que var\u00eda en funci\u00f3n de web que coloca las cookies.<\/li>\n<\/ul>\n<h3>Clinica Picasso<\/h3>\n<p>Clinica Picasso a trav\u00e9s de esta p\u00e1gina informa que:<\/p>\n<ul>\n<li>La web de Clinica Picasso usa cookies con el fin de personalizar y facilitar la navegaci\u00f3n al usuario.<\/li>\n<li>Las cookies se asocian a un usuario an\u00f3nimo y a su ordenador pero no proporcionan ning\u00fan dato de car\u00e1cter personal del usuario.<\/li>\n<li>El usuario puede configurar su navegador para que notifique y rechace la instalaci\u00f3n de las Cookies enviadas por la web de Clinica Picasso o de terceros.<\/li>\n<li>La utilizaci\u00f3n de esta p\u00e1gina, as\u00ed como de su uso supondr\u00e1 la aceptaci\u00f3n plena y sin reservas de todo lo referente a Ley de Cookies de car\u00e1cter europeo.<\/li>\n<li>.clinica-picasso.eu &#8212;- _ga<\/li>\n<li>.clinica-picasso.eu &#8212;- _gat<\/li>\n<li>.clinica-picasso.eu &#8212;- _gid<\/li>\n<li>.google.com &#8212;- NID<\/li>\n<li>www.clinica-picasso.eu &#8212;- _icl_current_language<\/li>\n<li>www.clinica-picasso.eu &#8212;- wpml_referer_url<\/li>\n<\/ul>\n<h3>Cookies de Clinica Picasso<\/h3>\n<p>Clinica Picasso usa las siguientes cookies:<\/p>\n<p>Cookies propias de la web &#8211; utilizaci\u00f3n de cookies estrictamente necesarias para proporcionar nuestros contenidos web as\u00ed como para asegurar la funcionalidad y rendimiento las visitas en nuestra web.<br \/>\nCookie de Google AdWords \u2013 cookie destinada a contabilizar las conversiones derivadas de la publicidad en Google.<br \/>\nCookie de Google Analytics \u2013 cookie destinada a la anal\u00edtica que permite generar informes estad\u00edsticos y generar informaci\u00f3n de c\u00f3mo encuentran la p\u00e1gina web y como se utiliza.<\/p>\n<h3>Como desactivar o configurar las cookies<\/h3>\n<p>Usted puede desde su navegador configurar el tipo de cookies que puede recibir. A continuaci\u00f3n ponemos los links para poder configurarlas seg\u00fan el navegador.<\/p>\n<p><strong>Firefox,<\/strong> desde <a href=\"https:\/\/support.mozilla.org\/es\/kb\/habilitar-y-deshabilitar-cookies-sitios-web-rastrear-preferencias\" target=\"_blank\">https:\/\/support.mozilla.org\/es\/kb\/habilitar-y-deshabilitar-cookies-sitios-web-rastrear-preferencias<\/a><br \/>\n<strong>Chrome,<\/strong> <a href=\"https:\/\/support.google.com\/chrome\/answer\/95647?hl=es\" target=\"_blank\">https:\/\/support.google.com\/chrome\/answer\/95647?hl=es<\/a><br \/>\n<strong>Explorer,<\/strong> <a href=\"https:\/\/support.microsoft.com\/es-es\/help\/17442\/windows-internet-explorer-delete-manage-cookies\" target=\"_blank\">https:\/\/support.microsoft.com\/es-es\/help\/17442\/windows-internet-explorer-delete-manage-cookies<\/a><br \/>\n<strong>Safari,<\/strong> <a href=\"https:\/\/support.apple.com\/kb\/ph21411\" target=\"_blank\">https:\/\/support.apple.com\/kb\/ph21411<\/a><\/p>\n<p>Para cualquier duda pueden dirigirse a nosotros a trav\u00e9s del mail <a href=\"mailto:info@clinica-picasso.eu\">info@clinica-picasso.eu<\/a>[\/vc_column_text][\/vc_column][\/vc_row]<\/p>\n<\/section>","protected":false},"excerpt":{"rendered":"<p>[vc_row][vc_column css=&#8221;.vc_custom_1480510797610{padding-top: 30px !important;}&#8221;][vc_column_text]Clipic S.L informa a los usuarios de su p\u00e1gina web www.clinica-picasso.eu que para el cumplimiento de la Ley de Cookies de car\u00e1cter europeo [&hellip;]<\/p>\n","protected":false},"author":8,"featured_media":0,"parent":0,"menu_order":0,"comment_status":"closed","ping_status":"closed","template":"","meta":{"footnotes":""},"class_list":["post-3666","page","type-page","status-publish","hentry"],"yoast_head":"<!-- This site is optimized with the Yoast SEO plugin v27.3 - https:\/\/yoast.com\/product\/yoast-seo-wordpress\/ -->\n<title>POL\u00cdTICA DE COOKIES | Clinica Picasso<\/title>\n<meta name=\"robots\" content=\"index, follow, max-snippet:-1, max-image-preview:large, max-video-preview:-1\" \/>\n<link rel=\"canonical\" href=\"https:\/\/www.clinica-picasso.eu\/es\/politica-de-cookies\/\" \/>\n<meta property=\"og:locale\" content=\"es_ES\" \/>\n<meta property=\"og:type\" content=\"article\" \/>\n<meta property=\"og:title\" content=\"POL\u00cdTICA DE COOKIES | Clinica Picasso\" \/>\n<meta property=\"og:description\" content=\"[vc_row][vc_column css=&#8221;.vc_custom_1480510797610{padding-top: 30px !important;}&#8221;][vc_column_text]Clipic S.L informa a los usuarios de su p\u00e1gina web www.clinica-picasso.eu que para el cumplimiento de la Ley de Cookies de car\u00e1cter europeo [&hellip;]\" \/>\n<meta property=\"og:url\" content=\"https:\/\/www.clinica-picasso.eu\/es\/politica-de-cookies\/\" \/>\n<meta property=\"og:site_name\" content=\"Clinica Picasso\" \/>\n<meta property=\"article:publisher\" content=\"https:\/\/www.facebook.com\/clinicapicasso\/\" \/>\n<meta property=\"article:modified_time\" content=\"2017-09-28T08:27:36+00:00\" \/>\n<meta name=\"twitter:label1\" content=\"Tiempo de lectura\" \/>\n\t<meta name=\"twitter:data1\" content=\"3 minutos\" \/>\n<script type=\"application\/ld+json\" class=\"yoast-schema-graph\">{\"@context\":\"https:\\\/\\\/schema.org\",\"@graph\":[{\"@type\":\"WebPage\",\"@id\":\"https:\\\/\\\/www.clinica-picasso.eu\\\/es\\\/politica-de-cookies\\\/\",\"url\":\"https:\\\/\\\/www.clinica-picasso.eu\\\/es\\\/politica-de-cookies\\\/\",\"name\":\"POL\u00cdTICA DE COOKIES | Clinica Picasso\",\"isPartOf\":{\"@id\":\"https:\\\/\\\/www.clinica-picasso.eu\\\/#website\"},\"datePublished\":\"2016-11-30T12:58:02+00:00\",\"dateModified\":\"2017-09-28T08:27:36+00:00\",\"breadcrumb\":{\"@id\":\"https:\\\/\\\/www.clinica-picasso.eu\\\/es\\\/politica-de-cookies\\\/#breadcrumb\"},\"inLanguage\":\"es\",\"potentialAction\":[{\"@type\":\"ReadAction\",\"target\":[\"https:\\\/\\\/www.clinica-picasso.eu\\\/es\\\/politica-de-cookies\\\/\"]}]},{\"@type\":\"BreadcrumbList\",\"@id\":\"https:\\\/\\\/www.clinica-picasso.eu\\\/es\\\/politica-de-cookies\\\/#breadcrumb\",\"itemListElement\":[{\"@type\":\"ListItem\",\"position\":1,\"name\":\"Startseite\",\"item\":\"https:\\\/\\\/www.clinica-picasso.eu\\\/es\\\/\"},{\"@type\":\"ListItem\",\"position\":2,\"name\":\"POL\u00cdTICA DE COOKIES\"}]},{\"@type\":\"WebSite\",\"@id\":\"https:\\\/\\\/www.clinica-picasso.eu\\\/#website\",\"url\":\"https:\\\/\\\/www.clinica-picasso.eu\\\/\",\"name\":\"Clinica Picasso\",\"description\":\"Arzt Klinik Mallorca - in unserem Internationalen Facharzt-Zentrum finden Sie u.a.: Chirurg, Kinderarzt, Urologe, Psychologe, Zahnarzt, Dermatologe, Urologe, HNO, Orthop\u00e4de, Neurologe, Psychotherapeut...\",\"publisher\":{\"@id\":\"https:\\\/\\\/www.clinica-picasso.eu\\\/#organization\"},\"potentialAction\":[{\"@type\":\"SearchAction\",\"target\":{\"@type\":\"EntryPoint\",\"urlTemplate\":\"https:\\\/\\\/www.clinica-picasso.eu\\\/?s={search_term_string}\"},\"query-input\":{\"@type\":\"PropertyValueSpecification\",\"valueRequired\":true,\"valueName\":\"search_term_string\"}}],\"inLanguage\":\"es\"},{\"@type\":\"Organization\",\"@id\":\"https:\\\/\\\/www.clinica-picasso.eu\\\/#organization\",\"name\":\"Clinica Picasso\",\"url\":\"https:\\\/\\\/www.clinica-picasso.eu\\\/\",\"logo\":{\"@type\":\"ImageObject\",\"inLanguage\":\"es\",\"@id\":\"https:\\\/\\\/www.clinica-picasso.eu\\\/#\\\/schema\\\/logo\\\/image\\\/\",\"url\":\"https:\\\/\\\/www.clinica-picasso.eu\\\/wp-content\\\/uploads\\\/2025\\\/09\\\/clipic-logo-only-2.webp\",\"contentUrl\":\"https:\\\/\\\/www.clinica-picasso.eu\\\/wp-content\\\/uploads\\\/2025\\\/09\\\/clipic-logo-only-2.webp\",\"width\":162,\"height\":210,\"caption\":\"Clinica Picasso\"},\"image\":{\"@id\":\"https:\\\/\\\/www.clinica-picasso.eu\\\/#\\\/schema\\\/logo\\\/image\\\/\"},\"sameAs\":[\"https:\\\/\\\/www.facebook.com\\\/clinicapicasso\\\/\",\"https:\\\/\\\/www.youtube.com\\\/channel\\\/UCJpffO0lLskkoFyPgbzQlcA\"]}]}<\/script>\n<!-- \/ Yoast SEO plugin. -->","yoast_head_json":{"title":"POL\u00cdTICA DE COOKIES | Clinica Picasso","robots":{"index":"index","follow":"follow","max-snippet":"max-snippet:-1","max-image-preview":"max-image-preview:large","max-video-preview":"max-video-preview:-1"},"canonical":"https:\/\/www.clinica-picasso.eu\/es\/politica-de-cookies\/","og_locale":"es_ES","og_type":"article","og_title":"POL\u00cdTICA DE COOKIES | Clinica Picasso","og_description":"[vc_row][vc_column css=&#8221;.vc_custom_1480510797610{padding-top: 30px !important;}&#8221;][vc_column_text]Clipic S.L informa a los usuarios de su p\u00e1gina web www.clinica-picasso.eu que para el cumplimiento de la Ley de Cookies de car\u00e1cter europeo [&hellip;]","og_url":"https:\/\/www.clinica-picasso.eu\/es\/politica-de-cookies\/","og_site_name":"Clinica Picasso","article_publisher":"https:\/\/www.facebook.com\/clinicapicasso\/","article_modified_time":"2017-09-28T08:27:36+00:00","twitter_misc":{"Tiempo de lectura":"3 minutos"},"schema":{"@context":"https:\/\/schema.org","@graph":[{"@type":"WebPage","@id":"https:\/\/www.clinica-picasso.eu\/es\/politica-de-cookies\/","url":"https:\/\/www.clinica-picasso.eu\/es\/politica-de-cookies\/","name":"POL\u00cdTICA DE COOKIES | Clinica Picasso","isPartOf":{"@id":"https:\/\/www.clinica-picasso.eu\/#website"},"datePublished":"2016-11-30T12:58:02+00:00","dateModified":"2017-09-28T08:27:36+00:00","breadcrumb":{"@id":"https:\/\/www.clinica-picasso.eu\/es\/politica-de-cookies\/#breadcrumb"},"inLanguage":"es","potentialAction":[{"@type":"ReadAction","target":["https:\/\/www.clinica-picasso.eu\/es\/politica-de-cookies\/"]}]},{"@type":"BreadcrumbList","@id":"https:\/\/www.clinica-picasso.eu\/es\/politica-de-cookies\/#breadcrumb","itemListElement":[{"@type":"ListItem","position":1,"name":"Startseite","item":"https:\/\/www.clinica-picasso.eu\/es\/"},{"@type":"ListItem","position":2,"name":"POL\u00cdTICA DE COOKIES"}]},{"@type":"WebSite","@id":"https:\/\/www.clinica-picasso.eu\/#website","url":"https:\/\/www.clinica-picasso.eu\/","name":"Clinica Picasso","description":"Arzt Klinik Mallorca - in unserem Internationalen Facharzt-Zentrum finden Sie u.a.: Chirurg, Kinderarzt, Urologe, Psychologe, Zahnarzt, Dermatologe, Urologe, HNO, Orthop\u00e4de, Neurologe, Psychotherapeut...","publisher":{"@id":"https:\/\/www.clinica-picasso.eu\/#organization"},"potentialAction":[{"@type":"SearchAction","target":{"@type":"EntryPoint","urlTemplate":"https:\/\/www.clinica-picasso.eu\/?s={search_term_string}"},"query-input":{"@type":"PropertyValueSpecification","valueRequired":true,"valueName":"search_term_string"}}],"inLanguage":"es"},{"@type":"Organization","@id":"https:\/\/www.clinica-picasso.eu\/#organization","name":"Clinica Picasso","url":"https:\/\/www.clinica-picasso.eu\/","logo":{"@type":"ImageObject","inLanguage":"es","@id":"https:\/\/www.clinica-picasso.eu\/#\/schema\/logo\/image\/","url":"https:\/\/www.clinica-picasso.eu\/wp-content\/uploads\/2025\/09\/clipic-logo-only-2.webp","contentUrl":"https:\/\/www.clinica-picasso.eu\/wp-content\/uploads\/2025\/09\/clipic-logo-only-2.webp","width":162,"height":210,"caption":"Clinica Picasso"},"image":{"@id":"https:\/\/www.clinica-picasso.eu\/#\/schema\/logo\/image\/"},"sameAs":["https:\/\/www.facebook.com\/clinicapicasso\/","https:\/\/www.youtube.com\/channel\/UCJpffO0lLskkoFyPgbzQlcA"]}]}},"_links":{"self":[{"href":"https:\/\/www.clinica-picasso.eu\/es\/wp-json\/wp\/v2\/pages\/3666","targetHints":{"allow":["GET"]}}],"collection":[{"href":"https:\/\/www.clinica-picasso.eu\/es\/wp-json\/wp\/v2\/pages"}],"about":[{"href":"https:\/\/www.clinica-picasso.eu\/es\/wp-json\/wp\/v2\/types\/page"}],"author":[{"embeddable":true,"href":"https:\/\/www.clinica-picasso.eu\/es\/wp-json\/wp\/v2\/users\/8"}],"replies":[{"embeddable":true,"href":"https:\/\/www.clinica-picasso.eu\/es\/wp-json\/wp\/v2\/comments?post=3666"}],"version-history":[{"count":0,"href":"https:\/\/www.clinica-picasso.eu\/es\/wp-json\/wp\/v2\/pages\/3666\/revisions"}],"wp:attachment":[{"href":"https:\/\/www.clinica-picasso.eu\/es\/wp-json\/wp\/v2\/media?parent=3666"}],"curies":[{"name":"wp","href":"https:\/\/api.w.org\/{rel}","templated":true}]}}