{"id":3717,"date":"2016-05-25T08:46:47","date_gmt":"2016-05-25T08:46:47","guid":{"rendered":"http:\/\/www.clinica-picasso.eu\/es\/arzt-mallorca-zahnheilkunde-dr-med-dent-adriana-besa\/"},"modified":"2025-08-13T15:11:13","modified_gmt":"2025-08-13T13:11:13","slug":"medico-mallorca-dentista-doctora-adriana-besa","status":"publish","type":"page","link":"https:\/\/www.clinica-picasso.eu\/es\/medico-mallorca-dentista-doctora-adriana-besa\/","title":{"rendered":"Dr. Adriana Besa"},"content":{"rendered":"","protected":false},"excerpt":{"rendered":"","protected":false},"author":8,"featured_media":0,"parent":0,"menu_order":0,"comment_status":"open","ping_status":"open","template":"","meta":{"footnotes":""},"class_list":["post-3717","page","type-page","status-publish","hentry"],"yoast_head":"<!-- This site is optimized with the Yoast SEO plugin v27.3 - https:\/\/yoast.com\/product\/yoast-seo-wordpress\/ -->\n<title>Dentistas en Mallorca - Doctora Adriana Besa, Cl\u00ednica Picasso<\/title>\n<meta name=\"description\" content=\"Cl\u00ednica Picasso cuenta con Adriana Besa como dentista especializada en: odontolog\u00eda, endodoncia, est\u00e9tica dental, periodoncia, extracciones, profilaxis.\" \/>\n<meta name=\"robots\" content=\"index, follow, max-snippet:-1, max-image-preview:large, max-video-preview:-1\" \/>\n<link rel=\"canonical\" href=\"https:\/\/www.clinica-picasso.eu\/es\/medico-mallorca-dentista-doctora-adriana-besa\/\" \/>\n<meta property=\"og:locale\" content=\"es_ES\" \/>\n<meta property=\"og:type\" content=\"article\" \/>\n<meta property=\"og:title\" content=\"Dentistas en Mallorca - Doctora Adriana Besa, Cl\u00ednica Picasso\" \/>\n<meta property=\"og:description\" content=\"Cl\u00ednica Picasso cuenta con Adriana Besa como dentista especializada en: odontolog\u00eda, endodoncia, est\u00e9tica dental, periodoncia, extracciones, profilaxis.\" \/>\n<meta property=\"og:url\" content=\"https:\/\/www.clinica-picasso.eu\/es\/medico-mallorca-dentista-doctora-adriana-besa\/\" \/>\n<meta property=\"og:site_name\" content=\"Clinica Picasso\" \/>\n<meta property=\"article:publisher\" content=\"https:\/\/www.facebook.com\/clinicapicasso\/\" \/>\n<meta property=\"article:modified_time\" content=\"2025-08-13T13:11:13+00:00\" \/>\n<script type=\"application\/ld+json\" class=\"yoast-schema-graph\">{\"@context\":\"https:\\\/\\\/schema.org\",\"@graph\":[{\"@type\":\"WebPage\",\"@id\":\"https:\\\/\\\/www.clinica-picasso.eu\\\/es\\\/medico-mallorca-dentista-doctora-adriana-besa\\\/\",\"url\":\"https:\\\/\\\/www.clinica-picasso.eu\\\/es\\\/medico-mallorca-dentista-doctora-adriana-besa\\\/\",\"name\":\"Dentistas en Mallorca - Doctora Adriana Besa, Cl\u00ednica Picasso\",\"isPartOf\":{\"@id\":\"https:\\\/\\\/www.clinica-picasso.eu\\\/#website\"},\"datePublished\":\"2016-05-25T08:46:47+00:00\",\"dateModified\":\"2025-08-13T13:11:13+00:00\",\"description\":\"Cl\u00ednica Picasso cuenta con Adriana Besa como dentista especializada en: odontolog\u00eda, endodoncia, est\u00e9tica dental, periodoncia, extracciones, profilaxis.\",\"breadcrumb\":{\"@id\":\"https:\\\/\\\/www.clinica-picasso.eu\\\/es\\\/medico-mallorca-dentista-doctora-adriana-besa\\\/#breadcrumb\"},\"inLanguage\":\"es\",\"potentialAction\":[{\"@type\":\"ReadAction\",\"target\":[\"https:\\\/\\\/www.clinica-picasso.eu\\\/es\\\/medico-mallorca-dentista-doctora-adriana-besa\\\/\"]}]},{\"@type\":\"BreadcrumbList\",\"@id\":\"https:\\\/\\\/www.clinica-picasso.eu\\\/es\\\/medico-mallorca-dentista-doctora-adriana-besa\\\/#breadcrumb\",\"itemListElement\":[{\"@type\":\"ListItem\",\"position\":1,\"name\":\"Startseite\",\"item\":\"https:\\\/\\\/www.clinica-picasso.eu\\\/es\\\/\"},{\"@type\":\"ListItem\",\"position\":2,\"name\":\"Dr. Adriana Besa\"}]},{\"@type\":\"WebSite\",\"@id\":\"https:\\\/\\\/www.clinica-picasso.eu\\\/#website\",\"url\":\"https:\\\/\\\/www.clinica-picasso.eu\\\/\",\"name\":\"Clinica Picasso\",\"description\":\"Arzt Klinik Mallorca - in unserem Internationalen Facharzt-Zentrum finden Sie u.a.: Chirurg, Kinderarzt, Urologe, Psychologe, Zahnarzt, Dermatologe, Urologe, HNO, Orthop\u00e4de, Neurologe, Psychotherapeut...\",\"publisher\":{\"@id\":\"https:\\\/\\\/www.clinica-picasso.eu\\\/#organization\"},\"potentialAction\":[{\"@type\":\"SearchAction\",\"target\":{\"@type\":\"EntryPoint\",\"urlTemplate\":\"https:\\\/\\\/www.clinica-picasso.eu\\\/?s={search_term_string}\"},\"query-input\":{\"@type\":\"PropertyValueSpecification\",\"valueRequired\":true,\"valueName\":\"search_term_string\"}}],\"inLanguage\":\"es\"},{\"@type\":\"Organization\",\"@id\":\"https:\\\/\\\/www.clinica-picasso.eu\\\/#organization\",\"name\":\"Clinica Picasso\",\"url\":\"https:\\\/\\\/www.clinica-picasso.eu\\\/\",\"logo\":{\"@type\":\"ImageObject\",\"inLanguage\":\"es\",\"@id\":\"https:\\\/\\\/www.clinica-picasso.eu\\\/#\\\/schema\\\/logo\\\/image\\\/\",\"url\":\"https:\\\/\\\/www.clinica-picasso.eu\\\/wp-content\\\/uploads\\\/2025\\\/09\\\/clipic-logo-only-2.webp\",\"contentUrl\":\"https:\\\/\\\/www.clinica-picasso.eu\\\/wp-content\\\/uploads\\\/2025\\\/09\\\/clipic-logo-only-2.webp\",\"width\":162,\"height\":210,\"caption\":\"Clinica Picasso\"},\"image\":{\"@id\":\"https:\\\/\\\/www.clinica-picasso.eu\\\/#\\\/schema\\\/logo\\\/image\\\/\"},\"sameAs\":[\"https:\\\/\\\/www.facebook.com\\\/clinicapicasso\\\/\",\"https:\\\/\\\/www.youtube.com\\\/channel\\\/UCJpffO0lLskkoFyPgbzQlcA\"]}]}<\/script>\n<!-- \/ Yoast SEO plugin. -->","yoast_head_json":{"title":"Dentistas en Mallorca - Doctora Adriana Besa, Cl\u00ednica Picasso","description":"Cl\u00ednica Picasso cuenta con Adriana Besa como dentista especializada en: odontolog\u00eda, endodoncia, est\u00e9tica dental, periodoncia, extracciones, profilaxis.","robots":{"index":"index","follow":"follow","max-snippet":"max-snippet:-1","max-image-preview":"max-image-preview:large","max-video-preview":"max-video-preview:-1"},"canonical":"https:\/\/www.clinica-picasso.eu\/es\/medico-mallorca-dentista-doctora-adriana-besa\/","og_locale":"es_ES","og_type":"article","og_title":"Dentistas en Mallorca - Doctora Adriana Besa, Cl\u00ednica Picasso","og_description":"Cl\u00ednica Picasso cuenta con Adriana Besa como dentista especializada en: odontolog\u00eda, endodoncia, est\u00e9tica dental, periodoncia, extracciones, profilaxis.","og_url":"https:\/\/www.clinica-picasso.eu\/es\/medico-mallorca-dentista-doctora-adriana-besa\/","og_site_name":"Clinica Picasso","article_publisher":"https:\/\/www.facebook.com\/clinicapicasso\/","article_modified_time":"2025-08-13T13:11:13+00:00","schema":{"@context":"https:\/\/schema.org","@graph":[{"@type":"WebPage","@id":"https:\/\/www.clinica-picasso.eu\/es\/medico-mallorca-dentista-doctora-adriana-besa\/","url":"https:\/\/www.clinica-picasso.eu\/es\/medico-mallorca-dentista-doctora-adriana-besa\/","name":"Dentistas en Mallorca - Doctora Adriana Besa, Cl\u00ednica Picasso","isPartOf":{"@id":"https:\/\/www.clinica-picasso.eu\/#website"},"datePublished":"2016-05-25T08:46:47+00:00","dateModified":"2025-08-13T13:11:13+00:00","description":"Cl\u00ednica Picasso cuenta con Adriana Besa como dentista especializada en: odontolog\u00eda, endodoncia, est\u00e9tica dental, periodoncia, extracciones, profilaxis.","breadcrumb":{"@id":"https:\/\/www.clinica-picasso.eu\/es\/medico-mallorca-dentista-doctora-adriana-besa\/#breadcrumb"},"inLanguage":"es","potentialAction":[{"@type":"ReadAction","target":["https:\/\/www.clinica-picasso.eu\/es\/medico-mallorca-dentista-doctora-adriana-besa\/"]}]},{"@type":"BreadcrumbList","@id":"https:\/\/www.clinica-picasso.eu\/es\/medico-mallorca-dentista-doctora-adriana-besa\/#breadcrumb","itemListElement":[{"@type":"ListItem","position":1,"name":"Startseite","item":"https:\/\/www.clinica-picasso.eu\/es\/"},{"@type":"ListItem","position":2,"name":"Dr. Adriana Besa"}]},{"@type":"WebSite","@id":"https:\/\/www.clinica-picasso.eu\/#website","url":"https:\/\/www.clinica-picasso.eu\/","name":"Clinica Picasso","description":"Arzt Klinik Mallorca - in unserem Internationalen Facharzt-Zentrum finden Sie u.a.: Chirurg, Kinderarzt, Urologe, Psychologe, Zahnarzt, Dermatologe, Urologe, HNO, Orthop\u00e4de, Neurologe, Psychotherapeut...","publisher":{"@id":"https:\/\/www.clinica-picasso.eu\/#organization"},"potentialAction":[{"@type":"SearchAction","target":{"@type":"EntryPoint","urlTemplate":"https:\/\/www.clinica-picasso.eu\/?s={search_term_string}"},"query-input":{"@type":"PropertyValueSpecification","valueRequired":true,"valueName":"search_term_string"}}],"inLanguage":"es"},{"@type":"Organization","@id":"https:\/\/www.clinica-picasso.eu\/#organization","name":"Clinica Picasso","url":"https:\/\/www.clinica-picasso.eu\/","logo":{"@type":"ImageObject","inLanguage":"es","@id":"https:\/\/www.clinica-picasso.eu\/#\/schema\/logo\/image\/","url":"https:\/\/www.clinica-picasso.eu\/wp-content\/uploads\/2025\/09\/clipic-logo-only-2.webp","contentUrl":"https:\/\/www.clinica-picasso.eu\/wp-content\/uploads\/2025\/09\/clipic-logo-only-2.webp","width":162,"height":210,"caption":"Clinica Picasso"},"image":{"@id":"https:\/\/www.clinica-picasso.eu\/#\/schema\/logo\/image\/"},"sameAs":["https:\/\/www.facebook.com\/clinicapicasso\/","https:\/\/www.youtube.com\/channel\/UCJpffO0lLskkoFyPgbzQlcA"]}]}},"_links":{"self":[{"href":"https:\/\/www.clinica-picasso.eu\/es\/wp-json\/wp\/v2\/pages\/3717","targetHints":{"allow":["GET"]}}],"collection":[{"href":"https:\/\/www.clinica-picasso.eu\/es\/wp-json\/wp\/v2\/pages"}],"about":[{"href":"https:\/\/www.clinica-picasso.eu\/es\/wp-json\/wp\/v2\/types\/page"}],"author":[{"embeddable":true,"href":"https:\/\/www.clinica-picasso.eu\/es\/wp-json\/wp\/v2\/users\/8"}],"replies":[{"embeddable":true,"href":"https:\/\/www.clinica-picasso.eu\/es\/wp-json\/wp\/v2\/comments?post=3717"}],"version-history":[{"count":2,"href":"https:\/\/www.clinica-picasso.eu\/es\/wp-json\/wp\/v2\/pages\/3717\/revisions"}],"predecessor-version":[{"id":5120,"href":"https:\/\/www.clinica-picasso.eu\/es\/wp-json\/wp\/v2\/pages\/3717\/revisions\/5120"}],"wp:attachment":[{"href":"https:\/\/www.clinica-picasso.eu\/es\/wp-json\/wp\/v2\/media?parent=3717"}],"curies":[{"name":"wp","href":"https:\/\/api.w.org\/{rel}","templated":true}]}}