{"id":3769,"date":"2016-05-25T11:01:16","date_gmt":"2016-05-25T11:01:16","guid":{"rendered":"http:\/\/www.clinica-picasso.eu\/es\/medizinischer-check-up-mallorca\/innere-medizin-kardiologie-check-up\/"},"modified":"2019-10-21T18:20:08","modified_gmt":"2019-10-21T16:20:08","slug":"chequeo-medico-mallorcamedicina-interna-y-cardiologia","status":"publish","type":"page","link":"https:\/\/www.clinica-picasso.eu\/es\/chequeos-medicos-mallorca\/chequeo-medico-mallorcamedicina-interna-y-cardiologia\/","title":{"rendered":"CHEQUEO MEDICINA INTERNA Y CARDIOLOG\u00cdA"},"content":{"rendered":"","protected":false},"excerpt":{"rendered":"","protected":false},"author":8,"featured_media":0,"parent":3765,"menu_order":0,"comment_status":"open","ping_status":"open","template":"","meta":{"footnotes":""},"class_list":["post-3769","page","type-page","status-publish","hentry"],"yoast_head":"<!-- This site is optimized with the Yoast SEO plugin v27.3 - https:\/\/yoast.com\/product\/yoast-seo-wordpress\/ -->\n<title>Cardiolog\u00eda - Chequeos M\u00e9dicos en Cl\u00ednica Picasso Palma<\/title>\n<meta name=\"description\" content=\"Prevenga su salud cardiovascular en Cl\u00ednica Picasso mediante los chequeos m\u00e9dicos de cardiolog\u00eda: chequeo b\u00e1sico, est\u00e1ndar. Adem\u00e1s de un chequeo digestivo.\" \/>\n<meta name=\"robots\" content=\"index, follow, max-snippet:-1, max-image-preview:large, max-video-preview:-1\" \/>\n<link rel=\"canonical\" href=\"https:\/\/www.clinica-picasso.eu\/es\/chequeos-medicos-mallorca\/chequeo-medico-mallorcamedicina-interna-y-cardiologia\/\" \/>\n<meta property=\"og:locale\" content=\"es_ES\" \/>\n<meta property=\"og:type\" content=\"article\" \/>\n<meta property=\"og:title\" content=\"Cardiolog\u00eda - Chequeos M\u00e9dicos en Cl\u00ednica Picasso Palma\" \/>\n<meta property=\"og:description\" content=\"Prevenga su salud cardiovascular en Cl\u00ednica Picasso mediante los chequeos m\u00e9dicos de cardiolog\u00eda: chequeo b\u00e1sico, est\u00e1ndar. Adem\u00e1s de un chequeo digestivo.\" \/>\n<meta property=\"og:url\" content=\"https:\/\/www.clinica-picasso.eu\/es\/chequeos-medicos-mallorca\/chequeo-medico-mallorcamedicina-interna-y-cardiologia\/\" \/>\n<meta property=\"og:site_name\" content=\"Clinica Picasso\" \/>\n<meta property=\"article:publisher\" content=\"https:\/\/www.facebook.com\/clinicapicasso\/\" \/>\n<meta property=\"article:modified_time\" content=\"2019-10-21T16:20:08+00:00\" \/>\n<script type=\"application\/ld+json\" class=\"yoast-schema-graph\">{\"@context\":\"https:\\\/\\\/schema.org\",\"@graph\":[{\"@type\":\"WebPage\",\"@id\":\"https:\\\/\\\/www.clinica-picasso.eu\\\/es\\\/chequeos-medicos-mallorca\\\/chequeo-medico-mallorcamedicina-interna-y-cardiologia\\\/\",\"url\":\"https:\\\/\\\/www.clinica-picasso.eu\\\/es\\\/chequeos-medicos-mallorca\\\/chequeo-medico-mallorcamedicina-interna-y-cardiologia\\\/\",\"name\":\"Cardiolog\u00eda - Chequeos M\u00e9dicos en Cl\u00ednica Picasso Palma\",\"isPartOf\":{\"@id\":\"https:\\\/\\\/www.clinica-picasso.eu\\\/#website\"},\"datePublished\":\"2016-05-25T11:01:16+00:00\",\"dateModified\":\"2019-10-21T16:20:08+00:00\",\"description\":\"Prevenga su salud cardiovascular en Cl\u00ednica Picasso mediante los chequeos m\u00e9dicos de cardiolog\u00eda: chequeo b\u00e1sico, est\u00e1ndar. Adem\u00e1s de un chequeo digestivo.\",\"breadcrumb\":{\"@id\":\"https:\\\/\\\/www.clinica-picasso.eu\\\/es\\\/chequeos-medicos-mallorca\\\/chequeo-medico-mallorcamedicina-interna-y-cardiologia\\\/#breadcrumb\"},\"inLanguage\":\"es\",\"potentialAction\":[{\"@type\":\"ReadAction\",\"target\":[\"https:\\\/\\\/www.clinica-picasso.eu\\\/es\\\/chequeos-medicos-mallorca\\\/chequeo-medico-mallorcamedicina-interna-y-cardiologia\\\/\"]}]},{\"@type\":\"BreadcrumbList\",\"@id\":\"https:\\\/\\\/www.clinica-picasso.eu\\\/es\\\/chequeos-medicos-mallorca\\\/chequeo-medico-mallorcamedicina-interna-y-cardiologia\\\/#breadcrumb\",\"itemListElement\":[{\"@type\":\"ListItem\",\"position\":1,\"name\":\"Startseite\",\"item\":\"https:\\\/\\\/www.clinica-picasso.eu\\\/es\\\/\"},{\"@type\":\"ListItem\",\"position\":2,\"name\":\"CHEQUEOS\",\"item\":\"https:\\\/\\\/www.clinica-picasso.eu\\\/es\\\/chequeos-medicos-mallorca\\\/\"},{\"@type\":\"ListItem\",\"position\":3,\"name\":\"CHEQUEO MEDICINA INTERNA Y CARDIOLOG\u00cdA\"}]},{\"@type\":\"WebSite\",\"@id\":\"https:\\\/\\\/www.clinica-picasso.eu\\\/#website\",\"url\":\"https:\\\/\\\/www.clinica-picasso.eu\\\/\",\"name\":\"Clinica Picasso\",\"description\":\"Arzt Klinik Mallorca - in unserem Internationalen Facharzt-Zentrum finden Sie u.a.: Chirurg, Kinderarzt, Urologe, Psychologe, Zahnarzt, Dermatologe, Urologe, HNO, Orthop\u00e4de, Neurologe, Psychotherapeut...\",\"publisher\":{\"@id\":\"https:\\\/\\\/www.clinica-picasso.eu\\\/#organization\"},\"potentialAction\":[{\"@type\":\"SearchAction\",\"target\":{\"@type\":\"EntryPoint\",\"urlTemplate\":\"https:\\\/\\\/www.clinica-picasso.eu\\\/?s={search_term_string}\"},\"query-input\":{\"@type\":\"PropertyValueSpecification\",\"valueRequired\":true,\"valueName\":\"search_term_string\"}}],\"inLanguage\":\"es\"},{\"@type\":\"Organization\",\"@id\":\"https:\\\/\\\/www.clinica-picasso.eu\\\/#organization\",\"name\":\"Clinica Picasso\",\"url\":\"https:\\\/\\\/www.clinica-picasso.eu\\\/\",\"logo\":{\"@type\":\"ImageObject\",\"inLanguage\":\"es\",\"@id\":\"https:\\\/\\\/www.clinica-picasso.eu\\\/#\\\/schema\\\/logo\\\/image\\\/\",\"url\":\"https:\\\/\\\/www.clinica-picasso.eu\\\/wp-content\\\/uploads\\\/2025\\\/09\\\/clipic-logo-only-2.webp\",\"contentUrl\":\"https:\\\/\\\/www.clinica-picasso.eu\\\/wp-content\\\/uploads\\\/2025\\\/09\\\/clipic-logo-only-2.webp\",\"width\":162,\"height\":210,\"caption\":\"Clinica Picasso\"},\"image\":{\"@id\":\"https:\\\/\\\/www.clinica-picasso.eu\\\/#\\\/schema\\\/logo\\\/image\\\/\"},\"sameAs\":[\"https:\\\/\\\/www.facebook.com\\\/clinicapicasso\\\/\",\"https:\\\/\\\/www.youtube.com\\\/channel\\\/UCJpffO0lLskkoFyPgbzQlcA\"]}]}<\/script>\n<!-- \/ Yoast SEO plugin. -->","yoast_head_json":{"title":"Cardiolog\u00eda - Chequeos M\u00e9dicos en Cl\u00ednica Picasso Palma","description":"Prevenga su salud cardiovascular en Cl\u00ednica Picasso mediante los chequeos m\u00e9dicos de cardiolog\u00eda: chequeo b\u00e1sico, est\u00e1ndar. Adem\u00e1s de un chequeo digestivo.","robots":{"index":"index","follow":"follow","max-snippet":"max-snippet:-1","max-image-preview":"max-image-preview:large","max-video-preview":"max-video-preview:-1"},"canonical":"https:\/\/www.clinica-picasso.eu\/es\/chequeos-medicos-mallorca\/chequeo-medico-mallorcamedicina-interna-y-cardiologia\/","og_locale":"es_ES","og_type":"article","og_title":"Cardiolog\u00eda - Chequeos M\u00e9dicos en Cl\u00ednica Picasso Palma","og_description":"Prevenga su salud cardiovascular en Cl\u00ednica Picasso mediante los chequeos m\u00e9dicos de cardiolog\u00eda: chequeo b\u00e1sico, est\u00e1ndar. Adem\u00e1s de un chequeo digestivo.","og_url":"https:\/\/www.clinica-picasso.eu\/es\/chequeos-medicos-mallorca\/chequeo-medico-mallorcamedicina-interna-y-cardiologia\/","og_site_name":"Clinica Picasso","article_publisher":"https:\/\/www.facebook.com\/clinicapicasso\/","article_modified_time":"2019-10-21T16:20:08+00:00","schema":{"@context":"https:\/\/schema.org","@graph":[{"@type":"WebPage","@id":"https:\/\/www.clinica-picasso.eu\/es\/chequeos-medicos-mallorca\/chequeo-medico-mallorcamedicina-interna-y-cardiologia\/","url":"https:\/\/www.clinica-picasso.eu\/es\/chequeos-medicos-mallorca\/chequeo-medico-mallorcamedicina-interna-y-cardiologia\/","name":"Cardiolog\u00eda - Chequeos M\u00e9dicos en Cl\u00ednica Picasso Palma","isPartOf":{"@id":"https:\/\/www.clinica-picasso.eu\/#website"},"datePublished":"2016-05-25T11:01:16+00:00","dateModified":"2019-10-21T16:20:08+00:00","description":"Prevenga su salud cardiovascular en Cl\u00ednica Picasso mediante los chequeos m\u00e9dicos de cardiolog\u00eda: chequeo b\u00e1sico, est\u00e1ndar. Adem\u00e1s de un chequeo digestivo.","breadcrumb":{"@id":"https:\/\/www.clinica-picasso.eu\/es\/chequeos-medicos-mallorca\/chequeo-medico-mallorcamedicina-interna-y-cardiologia\/#breadcrumb"},"inLanguage":"es","potentialAction":[{"@type":"ReadAction","target":["https:\/\/www.clinica-picasso.eu\/es\/chequeos-medicos-mallorca\/chequeo-medico-mallorcamedicina-interna-y-cardiologia\/"]}]},{"@type":"BreadcrumbList","@id":"https:\/\/www.clinica-picasso.eu\/es\/chequeos-medicos-mallorca\/chequeo-medico-mallorcamedicina-interna-y-cardiologia\/#breadcrumb","itemListElement":[{"@type":"ListItem","position":1,"name":"Startseite","item":"https:\/\/www.clinica-picasso.eu\/es\/"},{"@type":"ListItem","position":2,"name":"CHEQUEOS","item":"https:\/\/www.clinica-picasso.eu\/es\/chequeos-medicos-mallorca\/"},{"@type":"ListItem","position":3,"name":"CHEQUEO MEDICINA INTERNA Y CARDIOLOG\u00cdA"}]},{"@type":"WebSite","@id":"https:\/\/www.clinica-picasso.eu\/#website","url":"https:\/\/www.clinica-picasso.eu\/","name":"Clinica Picasso","description":"Arzt Klinik Mallorca - in unserem Internationalen Facharzt-Zentrum finden Sie u.a.: Chirurg, Kinderarzt, Urologe, Psychologe, Zahnarzt, Dermatologe, Urologe, HNO, Orthop\u00e4de, Neurologe, Psychotherapeut...","publisher":{"@id":"https:\/\/www.clinica-picasso.eu\/#organization"},"potentialAction":[{"@type":"SearchAction","target":{"@type":"EntryPoint","urlTemplate":"https:\/\/www.clinica-picasso.eu\/?s={search_term_string}"},"query-input":{"@type":"PropertyValueSpecification","valueRequired":true,"valueName":"search_term_string"}}],"inLanguage":"es"},{"@type":"Organization","@id":"https:\/\/www.clinica-picasso.eu\/#organization","name":"Clinica Picasso","url":"https:\/\/www.clinica-picasso.eu\/","logo":{"@type":"ImageObject","inLanguage":"es","@id":"https:\/\/www.clinica-picasso.eu\/#\/schema\/logo\/image\/","url":"https:\/\/www.clinica-picasso.eu\/wp-content\/uploads\/2025\/09\/clipic-logo-only-2.webp","contentUrl":"https:\/\/www.clinica-picasso.eu\/wp-content\/uploads\/2025\/09\/clipic-logo-only-2.webp","width":162,"height":210,"caption":"Clinica Picasso"},"image":{"@id":"https:\/\/www.clinica-picasso.eu\/#\/schema\/logo\/image\/"},"sameAs":["https:\/\/www.facebook.com\/clinicapicasso\/","https:\/\/www.youtube.com\/channel\/UCJpffO0lLskkoFyPgbzQlcA"]}]}},"_links":{"self":[{"href":"https:\/\/www.clinica-picasso.eu\/es\/wp-json\/wp\/v2\/pages\/3769","targetHints":{"allow":["GET"]}}],"collection":[{"href":"https:\/\/www.clinica-picasso.eu\/es\/wp-json\/wp\/v2\/pages"}],"about":[{"href":"https:\/\/www.clinica-picasso.eu\/es\/wp-json\/wp\/v2\/types\/page"}],"author":[{"embeddable":true,"href":"https:\/\/www.clinica-picasso.eu\/es\/wp-json\/wp\/v2\/users\/8"}],"replies":[{"embeddable":true,"href":"https:\/\/www.clinica-picasso.eu\/es\/wp-json\/wp\/v2\/comments?post=3769"}],"version-history":[{"count":2,"href":"https:\/\/www.clinica-picasso.eu\/es\/wp-json\/wp\/v2\/pages\/3769\/revisions"}],"predecessor-version":[{"id":5920,"href":"https:\/\/www.clinica-picasso.eu\/es\/wp-json\/wp\/v2\/pages\/3769\/revisions\/5920"}],"up":[{"embeddable":true,"href":"https:\/\/www.clinica-picasso.eu\/es\/wp-json\/wp\/v2\/pages\/3765"}],"wp:attachment":[{"href":"https:\/\/www.clinica-picasso.eu\/es\/wp-json\/wp\/v2\/media?parent=3769"}],"curies":[{"name":"wp","href":"https:\/\/api.w.org\/{rel}","templated":true}]}}