{"id":3840,"date":"2014-02-20T11:59:05","date_gmt":"2014-02-20T11:59:05","guid":{"rendered":"http:\/\/www.clinica-picasso.eu\/es\/news\/"},"modified":"2025-12-17T16:16:13","modified_gmt":"2025-12-17T15:16:13","slug":"noticias-clinica-picasso-2","status":"publish","type":"page","link":"https:\/\/www.clinica-picasso.eu\/es\/noticias-clinica-picasso-2\/","title":{"rendered":"NOTICIAS"},"content":{"rendered":"","protected":false},"excerpt":{"rendered":"","protected":false},"author":8,"featured_media":0,"parent":0,"menu_order":0,"comment_status":"open","ping_status":"open","template":"","meta":{"footnotes":""},"class_list":["post-3840","page","type-page","status-publish","hentry"],"yoast_head":"<!-- This site is optimized with the Yoast SEO plugin v27.3 - https:\/\/yoast.com\/product\/yoast-seo-wordpress\/ -->\n<title>Cl\u00ednica Picasso en Mallorca - Noticias &amp; Novedades de Medicina<\/title>\n<meta name=\"description\" content=\"Cl\u00ednica Picasso 57 en Mallorca, le informa a trav\u00e9s de su web de todas las noticias o novedades relacionadas con el mundo de la medicina. Visita su web.\" \/>\n<meta name=\"robots\" content=\"index, follow, max-snippet:-1, max-image-preview:large, max-video-preview:-1\" \/>\n<link rel=\"canonical\" href=\"https:\/\/www.clinica-picasso.eu\/es\/noticias-clinica-picasso-2\/\" \/>\n<meta property=\"og:locale\" content=\"es_ES\" \/>\n<meta property=\"og:type\" content=\"article\" \/>\n<meta property=\"og:title\" content=\"Cl\u00ednica Picasso en Mallorca - Noticias &amp; Novedades de Medicina\" \/>\n<meta property=\"og:description\" content=\"Cl\u00ednica Picasso 57 en Mallorca, le informa a trav\u00e9s de su web de todas las noticias o novedades relacionadas con el mundo de la medicina. Visita su web.\" \/>\n<meta property=\"og:url\" content=\"https:\/\/www.clinica-picasso.eu\/es\/noticias-clinica-picasso-2\/\" \/>\n<meta property=\"og:site_name\" content=\"Clinica Picasso\" \/>\n<meta property=\"article:publisher\" content=\"https:\/\/www.facebook.com\/clinicapicasso\/\" \/>\n<meta property=\"article:modified_time\" content=\"2025-12-17T15:16:13+00:00\" \/>\n<script type=\"application\/ld+json\" class=\"yoast-schema-graph\">{\"@context\":\"https:\\\/\\\/schema.org\",\"@graph\":[{\"@type\":\"WebPage\",\"@id\":\"https:\\\/\\\/www.clinica-picasso.eu\\\/es\\\/noticias-clinica-picasso-2\\\/\",\"url\":\"https:\\\/\\\/www.clinica-picasso.eu\\\/es\\\/noticias-clinica-picasso-2\\\/\",\"name\":\"Cl\u00ednica Picasso en Mallorca - Noticias & Novedades de Medicina\",\"isPartOf\":{\"@id\":\"https:\\\/\\\/www.clinica-picasso.eu\\\/#website\"},\"datePublished\":\"2014-02-20T11:59:05+00:00\",\"dateModified\":\"2025-12-17T15:16:13+00:00\",\"description\":\"Cl\u00ednica Picasso 57 en Mallorca, le informa a trav\u00e9s de su web de todas las noticias o novedades relacionadas con el mundo de la medicina. Visita su web.\",\"breadcrumb\":{\"@id\":\"https:\\\/\\\/www.clinica-picasso.eu\\\/es\\\/noticias-clinica-picasso-2\\\/#breadcrumb\"},\"inLanguage\":\"es\",\"potentialAction\":[{\"@type\":\"ReadAction\",\"target\":[\"https:\\\/\\\/www.clinica-picasso.eu\\\/es\\\/noticias-clinica-picasso-2\\\/\"]}]},{\"@type\":\"BreadcrumbList\",\"@id\":\"https:\\\/\\\/www.clinica-picasso.eu\\\/es\\\/noticias-clinica-picasso-2\\\/#breadcrumb\",\"itemListElement\":[{\"@type\":\"ListItem\",\"position\":1,\"name\":\"Startseite\",\"item\":\"https:\\\/\\\/www.clinica-picasso.eu\\\/es\\\/\"},{\"@type\":\"ListItem\",\"position\":2,\"name\":\"NOTICIAS\"}]},{\"@type\":\"WebSite\",\"@id\":\"https:\\\/\\\/www.clinica-picasso.eu\\\/#website\",\"url\":\"https:\\\/\\\/www.clinica-picasso.eu\\\/\",\"name\":\"Clinica Picasso\",\"description\":\"Arzt Klinik Mallorca - in unserem Internationalen Facharzt-Zentrum finden Sie u.a.: Chirurg, Kinderarzt, Urologe, Psychologe, Zahnarzt, Dermatologe, Urologe, HNO, Orthop\u00e4de, Neurologe, Psychotherapeut...\",\"publisher\":{\"@id\":\"https:\\\/\\\/www.clinica-picasso.eu\\\/#organization\"},\"potentialAction\":[{\"@type\":\"SearchAction\",\"target\":{\"@type\":\"EntryPoint\",\"urlTemplate\":\"https:\\\/\\\/www.clinica-picasso.eu\\\/?s={search_term_string}\"},\"query-input\":{\"@type\":\"PropertyValueSpecification\",\"valueRequired\":true,\"valueName\":\"search_term_string\"}}],\"inLanguage\":\"es\"},{\"@type\":\"Organization\",\"@id\":\"https:\\\/\\\/www.clinica-picasso.eu\\\/#organization\",\"name\":\"Clinica Picasso\",\"url\":\"https:\\\/\\\/www.clinica-picasso.eu\\\/\",\"logo\":{\"@type\":\"ImageObject\",\"inLanguage\":\"es\",\"@id\":\"https:\\\/\\\/www.clinica-picasso.eu\\\/#\\\/schema\\\/logo\\\/image\\\/\",\"url\":\"https:\\\/\\\/www.clinica-picasso.eu\\\/wp-content\\\/uploads\\\/2025\\\/09\\\/clipic-logo-only-2.webp\",\"contentUrl\":\"https:\\\/\\\/www.clinica-picasso.eu\\\/wp-content\\\/uploads\\\/2025\\\/09\\\/clipic-logo-only-2.webp\",\"width\":162,\"height\":210,\"caption\":\"Clinica Picasso\"},\"image\":{\"@id\":\"https:\\\/\\\/www.clinica-picasso.eu\\\/#\\\/schema\\\/logo\\\/image\\\/\"},\"sameAs\":[\"https:\\\/\\\/www.facebook.com\\\/clinicapicasso\\\/\",\"https:\\\/\\\/www.youtube.com\\\/channel\\\/UCJpffO0lLskkoFyPgbzQlcA\"]}]}<\/script>\n<!-- \/ Yoast SEO plugin. -->","yoast_head_json":{"title":"Cl\u00ednica Picasso en Mallorca - Noticias & Novedades de Medicina","description":"Cl\u00ednica Picasso 57 en Mallorca, le informa a trav\u00e9s de su web de todas las noticias o novedades relacionadas con el mundo de la medicina. Visita su web.","robots":{"index":"index","follow":"follow","max-snippet":"max-snippet:-1","max-image-preview":"max-image-preview:large","max-video-preview":"max-video-preview:-1"},"canonical":"https:\/\/www.clinica-picasso.eu\/es\/noticias-clinica-picasso-2\/","og_locale":"es_ES","og_type":"article","og_title":"Cl\u00ednica Picasso en Mallorca - Noticias & Novedades de Medicina","og_description":"Cl\u00ednica Picasso 57 en Mallorca, le informa a trav\u00e9s de su web de todas las noticias o novedades relacionadas con el mundo de la medicina. Visita su web.","og_url":"https:\/\/www.clinica-picasso.eu\/es\/noticias-clinica-picasso-2\/","og_site_name":"Clinica Picasso","article_publisher":"https:\/\/www.facebook.com\/clinicapicasso\/","article_modified_time":"2025-12-17T15:16:13+00:00","schema":{"@context":"https:\/\/schema.org","@graph":[{"@type":"WebPage","@id":"https:\/\/www.clinica-picasso.eu\/es\/noticias-clinica-picasso-2\/","url":"https:\/\/www.clinica-picasso.eu\/es\/noticias-clinica-picasso-2\/","name":"Cl\u00ednica Picasso en Mallorca - Noticias & Novedades de Medicina","isPartOf":{"@id":"https:\/\/www.clinica-picasso.eu\/#website"},"datePublished":"2014-02-20T11:59:05+00:00","dateModified":"2025-12-17T15:16:13+00:00","description":"Cl\u00ednica Picasso 57 en Mallorca, le informa a trav\u00e9s de su web de todas las noticias o novedades relacionadas con el mundo de la medicina. Visita su web.","breadcrumb":{"@id":"https:\/\/www.clinica-picasso.eu\/es\/noticias-clinica-picasso-2\/#breadcrumb"},"inLanguage":"es","potentialAction":[{"@type":"ReadAction","target":["https:\/\/www.clinica-picasso.eu\/es\/noticias-clinica-picasso-2\/"]}]},{"@type":"BreadcrumbList","@id":"https:\/\/www.clinica-picasso.eu\/es\/noticias-clinica-picasso-2\/#breadcrumb","itemListElement":[{"@type":"ListItem","position":1,"name":"Startseite","item":"https:\/\/www.clinica-picasso.eu\/es\/"},{"@type":"ListItem","position":2,"name":"NOTICIAS"}]},{"@type":"WebSite","@id":"https:\/\/www.clinica-picasso.eu\/#website","url":"https:\/\/www.clinica-picasso.eu\/","name":"Clinica Picasso","description":"Arzt Klinik Mallorca - in unserem Internationalen Facharzt-Zentrum finden Sie u.a.: Chirurg, Kinderarzt, Urologe, Psychologe, Zahnarzt, Dermatologe, Urologe, HNO, Orthop\u00e4de, Neurologe, Psychotherapeut...","publisher":{"@id":"https:\/\/www.clinica-picasso.eu\/#organization"},"potentialAction":[{"@type":"SearchAction","target":{"@type":"EntryPoint","urlTemplate":"https:\/\/www.clinica-picasso.eu\/?s={search_term_string}"},"query-input":{"@type":"PropertyValueSpecification","valueRequired":true,"valueName":"search_term_string"}}],"inLanguage":"es"},{"@type":"Organization","@id":"https:\/\/www.clinica-picasso.eu\/#organization","name":"Clinica Picasso","url":"https:\/\/www.clinica-picasso.eu\/","logo":{"@type":"ImageObject","inLanguage":"es","@id":"https:\/\/www.clinica-picasso.eu\/#\/schema\/logo\/image\/","url":"https:\/\/www.clinica-picasso.eu\/wp-content\/uploads\/2025\/09\/clipic-logo-only-2.webp","contentUrl":"https:\/\/www.clinica-picasso.eu\/wp-content\/uploads\/2025\/09\/clipic-logo-only-2.webp","width":162,"height":210,"caption":"Clinica Picasso"},"image":{"@id":"https:\/\/www.clinica-picasso.eu\/#\/schema\/logo\/image\/"},"sameAs":["https:\/\/www.facebook.com\/clinicapicasso\/","https:\/\/www.youtube.com\/channel\/UCJpffO0lLskkoFyPgbzQlcA"]}]}},"_links":{"self":[{"href":"https:\/\/www.clinica-picasso.eu\/es\/wp-json\/wp\/v2\/pages\/3840","targetHints":{"allow":["GET"]}}],"collection":[{"href":"https:\/\/www.clinica-picasso.eu\/es\/wp-json\/wp\/v2\/pages"}],"about":[{"href":"https:\/\/www.clinica-picasso.eu\/es\/wp-json\/wp\/v2\/types\/page"}],"author":[{"embeddable":true,"href":"https:\/\/www.clinica-picasso.eu\/es\/wp-json\/wp\/v2\/users\/8"}],"replies":[{"embeddable":true,"href":"https:\/\/www.clinica-picasso.eu\/es\/wp-json\/wp\/v2\/comments?post=3840"}],"version-history":[{"count":1,"href":"https:\/\/www.clinica-picasso.eu\/es\/wp-json\/wp\/v2\/pages\/3840\/revisions"}],"predecessor-version":[{"id":7005,"href":"https:\/\/www.clinica-picasso.eu\/es\/wp-json\/wp\/v2\/pages\/3840\/revisions\/7005"}],"wp:attachment":[{"href":"https:\/\/www.clinica-picasso.eu\/es\/wp-json\/wp\/v2\/media?parent=3840"}],"curies":[{"name":"wp","href":"https:\/\/api.w.org\/{rel}","templated":true}]}}