{"id":6103,"date":"2020-03-01T17:13:31","date_gmt":"2020-03-01T16:13:31","guid":{"rendered":"https:\/\/www.clinica-picasso.eu\/?page_id=6103"},"modified":"2025-05-08T15:53:48","modified_gmt":"2025-05-08T13:53:48","slug":"parking-en-clinica-picasso","status":"publish","type":"page","link":"https:\/\/www.clinica-picasso.eu\/es\/parking-en-clinica-picasso\/","title":{"rendered":"Parking en Cl\u00ednica Picasso"},"content":{"rendered":"<section class=\"wpb-content-wrapper\"><p>[vc_row][vc_column][vc_empty_space height=&#8221;25px&#8221;][vc_column_text]<\/p>\n<div><strong>Desde Santa Ponsa, tome la salida 8 Son Rapinya.<\/strong> Gire hacia el centro de la ciudad y siga la l\u00ednea verde y blanca, pasando el McDonald\u2019s, hasta que vea la Cl\u00ednica Salv\u00e0 (Juaneda) justo antes de la rotonda a la derecha y tome la salida al parking. (Ver segunda foto)<\/div>\n<div><\/div>\n<div><strong>Desde el aeropuerto, tome la salida 8 Son Rapinya.<\/strong> Gire hacia el centro de la ciudad y siga la l\u00ednea azul y blanca, pasando el McDonald&#8217;s, hasta que vea la Cl\u00ednica Salv\u00e0 (Juaneda) justo antes de la rotonda a la derecha y tome la salida hacia el parking. (Ver segunda foto)<\/div>\n<div><\/div>\n<div><strong>Nota: \u00a1Cambie al carril derecho a su debido tiempo!<\/strong><\/div>\n<p><a href=\"https:\/\/ogy.de\/i3y4\" target=\"_blank\" rel=\"noopener noreferrer\">Navegue con Google Maps<\/a>[\/vc_column_text][vc_single_image image=&#8221;6651&#8243; img_size=&#8221;large&#8221; onclick=&#8221;img_link_large&#8221;][\/vc_column][\/vc_row][vc_row][vc_column][vc_row_inner][vc_column_inner][vc_empty_space height=&#8221;25px&#8221;][vc_column_text]A la derecha ver\u00e1 el s\u00edmbolo del parking en el c\u00edrculo rojo. Gire a la derecha hacia la salida del parking. En verano, el letrero puede estar cubierto por hojas.[\/vc_column_text][vc_single_image image=&#8221;6005&#8243; img_size=&#8221;large&#8221; onclick=&#8221;img_link_large&#8221;][\/vc_column_inner][\/vc_row_inner][vc_row_inner][vc_column_inner][vc_column_text]Ahora tome la salida a la derecha. Por favor, preste atenci\u00f3n a los ciclistas cuando conduzca.[\/vc_column_text][vc_single_image image=&#8221;6008&#8243; img_size=&#8221;large&#8221; onclick=&#8221;img_link_large&#8221;][\/vc_column_inner][\/vc_row_inner][vc_row_inner][vc_column_inner][vc_column_text]Puede aparcar a la derecha o abajo a la derecha. En la parte inferior izquierda de la foto puede ver la salida hacia el parque y la Cl\u00ednica Picasso.[\/vc_column_text][vc_single_image image=&#8221;6122&#8243; img_size=&#8221;large&#8221; onclick=&#8221;img_link_large&#8221;][\/vc_column_inner][\/vc_row_inner][vc_row_inner][vc_column_inner][vc_column_text]Siga la flecha y pase por el parque. En menos de un minuto ver\u00e1 nuestra Cl\u00ednica Picasso a la derecha.[\/vc_column_text][vc_single_image image=&#8221;6014&#8243; img_size=&#8221;large&#8221; onclick=&#8221;img_link_large&#8221;][\/vc_column_inner][\/vc_row_inner][vc_column_text]<strong>Si viene desde el centro de la ciudad<\/strong>, la forma m\u00e1s f\u00e1cil para llegar al parking es ir a la salida 8 &#8220;Son Rapinya&#8221;, girar dando una vuelta completa y luego seguir las instrucciones mencionadas arriba.[\/vc_column_text][\/vc_column][\/vc_row]<\/p>\n<\/section>","protected":false},"excerpt":{"rendered":"<p>[vc_row][vc_column][vc_empty_space height=&#8221;25px&#8221;][vc_column_text] Desde Santa Ponsa, tome la salida 8 Son Rapinya. Gire hacia el centro de la ciudad y siga la l\u00ednea verde y blanca, pasando [&hellip;]<\/p>\n","protected":false},"author":8,"featured_media":0,"parent":0,"menu_order":0,"comment_status":"closed","ping_status":"closed","template":"","meta":{"footnotes":""},"class_list":["post-6103","page","type-page","status-publish","hentry"],"yoast_head":"<!-- This site is optimized with the Yoast SEO plugin v27.3 - https:\/\/yoast.com\/product\/yoast-seo-wordpress\/ -->\n<title>Parking en Cl\u00ednica Picasso | Clinica Picasso<\/title>\n<meta name=\"robots\" content=\"index, follow, max-snippet:-1, max-image-preview:large, max-video-preview:-1\" \/>\n<link rel=\"canonical\" href=\"https:\/\/www.clinica-picasso.eu\/es\/parking-en-clinica-picasso\/\" \/>\n<meta property=\"og:locale\" content=\"es_ES\" \/>\n<meta property=\"og:type\" content=\"article\" \/>\n<meta property=\"og:title\" content=\"Parking en Cl\u00ednica Picasso | Clinica Picasso\" \/>\n<meta property=\"og:description\" content=\"[vc_row][vc_column][vc_empty_space height=&#8221;25px&#8221;][vc_column_text] Desde Santa Ponsa, tome la salida 8 Son Rapinya. Gire hacia el centro de la ciudad y siga la l\u00ednea verde y blanca, pasando [&hellip;]\" \/>\n<meta property=\"og:url\" content=\"https:\/\/www.clinica-picasso.eu\/es\/parking-en-clinica-picasso\/\" \/>\n<meta property=\"og:site_name\" content=\"Clinica Picasso\" \/>\n<meta property=\"article:publisher\" content=\"https:\/\/www.facebook.com\/clinicapicasso\/\" \/>\n<meta property=\"article:modified_time\" content=\"2025-05-08T13:53:48+00:00\" \/>\n<meta name=\"twitter:label1\" content=\"Tiempo de lectura\" \/>\n\t<meta name=\"twitter:data1\" content=\"3 minutos\" \/>\n<script type=\"application\/ld+json\" class=\"yoast-schema-graph\">{\"@context\":\"https:\\\/\\\/schema.org\",\"@graph\":[{\"@type\":\"WebPage\",\"@id\":\"https:\\\/\\\/www.clinica-picasso.eu\\\/es\\\/parking-en-clinica-picasso\\\/\",\"url\":\"https:\\\/\\\/www.clinica-picasso.eu\\\/es\\\/parking-en-clinica-picasso\\\/\",\"name\":\"Parking en Cl\u00ednica Picasso | Clinica Picasso\",\"isPartOf\":{\"@id\":\"https:\\\/\\\/www.clinica-picasso.eu\\\/#website\"},\"datePublished\":\"2020-03-01T16:13:31+00:00\",\"dateModified\":\"2025-05-08T13:53:48+00:00\",\"breadcrumb\":{\"@id\":\"https:\\\/\\\/www.clinica-picasso.eu\\\/es\\\/parking-en-clinica-picasso\\\/#breadcrumb\"},\"inLanguage\":\"es\",\"potentialAction\":[{\"@type\":\"ReadAction\",\"target\":[\"https:\\\/\\\/www.clinica-picasso.eu\\\/es\\\/parking-en-clinica-picasso\\\/\"]}]},{\"@type\":\"BreadcrumbList\",\"@id\":\"https:\\\/\\\/www.clinica-picasso.eu\\\/es\\\/parking-en-clinica-picasso\\\/#breadcrumb\",\"itemListElement\":[{\"@type\":\"ListItem\",\"position\":1,\"name\":\"Startseite\",\"item\":\"https:\\\/\\\/www.clinica-picasso.eu\\\/es\\\/\"},{\"@type\":\"ListItem\",\"position\":2,\"name\":\"Parking en Cl\u00ednica Picasso\"}]},{\"@type\":\"WebSite\",\"@id\":\"https:\\\/\\\/www.clinica-picasso.eu\\\/#website\",\"url\":\"https:\\\/\\\/www.clinica-picasso.eu\\\/\",\"name\":\"Clinica Picasso\",\"description\":\"Arzt Klinik Mallorca - in unserem Internationalen Facharzt-Zentrum finden Sie u.a.: Chirurg, Kinderarzt, Urologe, Psychologe, Zahnarzt, Dermatologe, Urologe, HNO, Orthop\u00e4de, Neurologe, Psychotherapeut...\",\"publisher\":{\"@id\":\"https:\\\/\\\/www.clinica-picasso.eu\\\/#organization\"},\"potentialAction\":[{\"@type\":\"SearchAction\",\"target\":{\"@type\":\"EntryPoint\",\"urlTemplate\":\"https:\\\/\\\/www.clinica-picasso.eu\\\/?s={search_term_string}\"},\"query-input\":{\"@type\":\"PropertyValueSpecification\",\"valueRequired\":true,\"valueName\":\"search_term_string\"}}],\"inLanguage\":\"es\"},{\"@type\":\"Organization\",\"@id\":\"https:\\\/\\\/www.clinica-picasso.eu\\\/#organization\",\"name\":\"Clinica Picasso\",\"url\":\"https:\\\/\\\/www.clinica-picasso.eu\\\/\",\"logo\":{\"@type\":\"ImageObject\",\"inLanguage\":\"es\",\"@id\":\"https:\\\/\\\/www.clinica-picasso.eu\\\/#\\\/schema\\\/logo\\\/image\\\/\",\"url\":\"https:\\\/\\\/www.clinica-picasso.eu\\\/wp-content\\\/uploads\\\/2025\\\/09\\\/clipic-logo-only-2.webp\",\"contentUrl\":\"https:\\\/\\\/www.clinica-picasso.eu\\\/wp-content\\\/uploads\\\/2025\\\/09\\\/clipic-logo-only-2.webp\",\"width\":162,\"height\":210,\"caption\":\"Clinica Picasso\"},\"image\":{\"@id\":\"https:\\\/\\\/www.clinica-picasso.eu\\\/#\\\/schema\\\/logo\\\/image\\\/\"},\"sameAs\":[\"https:\\\/\\\/www.facebook.com\\\/clinicapicasso\\\/\",\"https:\\\/\\\/www.youtube.com\\\/channel\\\/UCJpffO0lLskkoFyPgbzQlcA\"]}]}<\/script>\n<!-- \/ Yoast SEO plugin. -->","yoast_head_json":{"title":"Parking en Cl\u00ednica Picasso | Clinica Picasso","robots":{"index":"index","follow":"follow","max-snippet":"max-snippet:-1","max-image-preview":"max-image-preview:large","max-video-preview":"max-video-preview:-1"},"canonical":"https:\/\/www.clinica-picasso.eu\/es\/parking-en-clinica-picasso\/","og_locale":"es_ES","og_type":"article","og_title":"Parking en Cl\u00ednica Picasso | Clinica Picasso","og_description":"[vc_row][vc_column][vc_empty_space height=&#8221;25px&#8221;][vc_column_text] Desde Santa Ponsa, tome la salida 8 Son Rapinya. Gire hacia el centro de la ciudad y siga la l\u00ednea verde y blanca, pasando [&hellip;]","og_url":"https:\/\/www.clinica-picasso.eu\/es\/parking-en-clinica-picasso\/","og_site_name":"Clinica Picasso","article_publisher":"https:\/\/www.facebook.com\/clinicapicasso\/","article_modified_time":"2025-05-08T13:53:48+00:00","twitter_misc":{"Tiempo de lectura":"3 minutos"},"schema":{"@context":"https:\/\/schema.org","@graph":[{"@type":"WebPage","@id":"https:\/\/www.clinica-picasso.eu\/es\/parking-en-clinica-picasso\/","url":"https:\/\/www.clinica-picasso.eu\/es\/parking-en-clinica-picasso\/","name":"Parking en Cl\u00ednica Picasso | Clinica Picasso","isPartOf":{"@id":"https:\/\/www.clinica-picasso.eu\/#website"},"datePublished":"2020-03-01T16:13:31+00:00","dateModified":"2025-05-08T13:53:48+00:00","breadcrumb":{"@id":"https:\/\/www.clinica-picasso.eu\/es\/parking-en-clinica-picasso\/#breadcrumb"},"inLanguage":"es","potentialAction":[{"@type":"ReadAction","target":["https:\/\/www.clinica-picasso.eu\/es\/parking-en-clinica-picasso\/"]}]},{"@type":"BreadcrumbList","@id":"https:\/\/www.clinica-picasso.eu\/es\/parking-en-clinica-picasso\/#breadcrumb","itemListElement":[{"@type":"ListItem","position":1,"name":"Startseite","item":"https:\/\/www.clinica-picasso.eu\/es\/"},{"@type":"ListItem","position":2,"name":"Parking en Cl\u00ednica Picasso"}]},{"@type":"WebSite","@id":"https:\/\/www.clinica-picasso.eu\/#website","url":"https:\/\/www.clinica-picasso.eu\/","name":"Clinica Picasso","description":"Arzt Klinik Mallorca - in unserem Internationalen Facharzt-Zentrum finden Sie u.a.: Chirurg, Kinderarzt, Urologe, Psychologe, Zahnarzt, Dermatologe, Urologe, HNO, Orthop\u00e4de, Neurologe, Psychotherapeut...","publisher":{"@id":"https:\/\/www.clinica-picasso.eu\/#organization"},"potentialAction":[{"@type":"SearchAction","target":{"@type":"EntryPoint","urlTemplate":"https:\/\/www.clinica-picasso.eu\/?s={search_term_string}"},"query-input":{"@type":"PropertyValueSpecification","valueRequired":true,"valueName":"search_term_string"}}],"inLanguage":"es"},{"@type":"Organization","@id":"https:\/\/www.clinica-picasso.eu\/#organization","name":"Clinica Picasso","url":"https:\/\/www.clinica-picasso.eu\/","logo":{"@type":"ImageObject","inLanguage":"es","@id":"https:\/\/www.clinica-picasso.eu\/#\/schema\/logo\/image\/","url":"https:\/\/www.clinica-picasso.eu\/wp-content\/uploads\/2025\/09\/clipic-logo-only-2.webp","contentUrl":"https:\/\/www.clinica-picasso.eu\/wp-content\/uploads\/2025\/09\/clipic-logo-only-2.webp","width":162,"height":210,"caption":"Clinica Picasso"},"image":{"@id":"https:\/\/www.clinica-picasso.eu\/#\/schema\/logo\/image\/"},"sameAs":["https:\/\/www.facebook.com\/clinicapicasso\/","https:\/\/www.youtube.com\/channel\/UCJpffO0lLskkoFyPgbzQlcA"]}]}},"_links":{"self":[{"href":"https:\/\/www.clinica-picasso.eu\/es\/wp-json\/wp\/v2\/pages\/6103","targetHints":{"allow":["GET"]}}],"collection":[{"href":"https:\/\/www.clinica-picasso.eu\/es\/wp-json\/wp\/v2\/pages"}],"about":[{"href":"https:\/\/www.clinica-picasso.eu\/es\/wp-json\/wp\/v2\/types\/page"}],"author":[{"embeddable":true,"href":"https:\/\/www.clinica-picasso.eu\/es\/wp-json\/wp\/v2\/users\/8"}],"replies":[{"embeddable":true,"href":"https:\/\/www.clinica-picasso.eu\/es\/wp-json\/wp\/v2\/comments?post=6103"}],"version-history":[{"count":7,"href":"https:\/\/www.clinica-picasso.eu\/es\/wp-json\/wp\/v2\/pages\/6103\/revisions"}],"predecessor-version":[{"id":6653,"href":"https:\/\/www.clinica-picasso.eu\/es\/wp-json\/wp\/v2\/pages\/6103\/revisions\/6653"}],"wp:attachment":[{"href":"https:\/\/www.clinica-picasso.eu\/es\/wp-json\/wp\/v2\/media?parent=6103"}],"curies":[{"name":"wp","href":"https:\/\/api.w.org\/{rel}","templated":true}]}}