{"id":6281,"date":"2020-08-17T13:40:55","date_gmt":"2020-08-17T11:40:55","guid":{"rendered":"https:\/\/www.clinica-picasso.eu\/?page_id=6281"},"modified":"2022-06-27T11:13:44","modified_gmt":"2022-06-27T09:13:44","slug":"informacion-acerca-de-pruebas-de-covid-19","status":"publish","type":"page","link":"https:\/\/www.clinica-picasso.eu\/es\/informacion-acerca-de-pruebas-de-covid-19\/","title":{"rendered":"Informaci\u00f3n acerca de pruebas de COVID-19"},"content":{"rendered":"<section class=\"wpb-content-wrapper\"><p>[vc_row][vc_column][vc_empty_space height=&#8221;20px&#8221;][\/vc_column][\/vc_row][vc_row gap=&#8221;5&#8243;][vc_column width=&#8221;1\/3&#8243; css=&#8221;.vc_custom_1648737930360{background-color: #f4f4f4 !important;}&#8221;][vc_column_text]<\/p>\n<h3 class=\"elementor-price-table__heading\" style=\"text-align: center;\">TEST ANT\u00cdGENOS R\u00c1PIDOS<\/h3>\n<h2 style=\"text-align: center;\"><strong>30\u20ac<\/strong><\/h2>\n<div class=\"elementor-price-table__feature-inner\" style=\"text-align: center;\"><strong>RESULTADOS EN 15 MINUTOS<\/strong><\/div>\n<div class=\"elementor-price-table__feature-inner\" style=\"text-align: center;\"><strong>INCLUYE CERTIFICADO<\/strong><\/div>\n<p>[\/vc_column_text][vc_column_text]<\/p>\n<p style=\"text-align: center;\"><a style=\"text-decoration: none; display: inline-block; color: #ffffff; background-color: #174564; width: auto; border: 7px solid #174564; font-weight: bold; letter-spacing: 1px; font-size: 16pt; border-radius: 9px;\" href=\"https:\/\/app.no-q.info\/es\/clinica-picasso-palma\/checkins#\">RESERVA CITA<\/a><\/p>\n<p>[\/vc_column_text][\/vc_column][vc_column width=&#8221;1\/3&#8243; css=&#8221;.vc_custom_1648737936029{background-color: #f4f4f4 !important;}&#8221;][vc_column_text]<\/p>\n<h3 style=\"text-align: center;\"><strong>TEST-PCR<\/strong><\/h3>\n<h2 style=\"text-align: center;\"><strong>90\u20ac<\/strong><\/h2>\n<div class=\"elementor-price-table__feature-inner\" style=\"text-align: center;\"><strong>RESULTADOS EN 1 HORA<\/strong><\/div>\n<div class=\"elementor-price-table__feature-inner\" style=\"text-align: center;\"><strong>INCLUYE CERTIFICADO<\/strong><\/div>\n<p>[\/vc_column_text][vc_column_text]<\/p>\n<p style=\"text-align: center;\"><a style=\"text-decoration: none; display: inline-block; color: #ffffff; background-color: #174564; width: auto; border: 7px solid #174564; font-weight: bold; letter-spacing: 1px; font-size: 16pt; border-radius: 9px;\" href=\"https:\/\/app.no-q.info\/es\/clinica-picasso-palma\/checkins#\">RESERVA CITA<\/a><\/p>\n<p>[\/vc_column_text][\/vc_column][vc_column width=&#8221;1\/3&#8243; css=&#8221;.vc_custom_1648737953633{background-color: #f4f4f4 !important;}&#8221;][vc_column_text]<\/p>\n<h3 class=\"elementor-price-table__heading\" style=\"text-align: center;\">TEST DE ANTICUERPOS R\u00c1PIDO<\/h3>\n<h2 style=\"text-align: center;\"><strong>55\u20ac<\/strong><\/h2>\n<div class=\"elementor-price-table__feature-inner\" style=\"text-align: center;\"><strong>RESULTADOS EN 24 HORAS<\/strong><\/div>\n<div class=\"elementor-price-table__feature-inner\" style=\"text-align: center;\"><strong>INCLUYE CERTIFICADO<\/strong><\/div>\n<p>[\/vc_column_text][vc_column_text]<\/p>\n<p style=\"text-align: center;\"><a style=\"text-decoration: none; display: inline-block; color: #ffffff; background-color: #174564; width: auto; border: 7px solid #174564; font-weight: bold; letter-spacing: 1px; font-size: 16pt; border-radius: 9px;\" href=\"https:\/\/app.no-q.info\/es\/clinica-picasso-palma\/checkins#\">RESERVA CITA<\/a><\/p>\n<p>[\/vc_column_text][\/vc_column][\/vc_row][vc_row][vc_column][vc_empty_space height=&#8221;20px&#8221;][\/vc_column][\/vc_row][vc_row][vc_column width=&#8221;1\/3&#8243;][vc_column_text]<\/p>\n<h3 class=\"elementor-icon-box-title\">TEST R\u00c1PIDO DE ANT\u00cdGENOS<\/h3>\n<p class=\"elementor-icon-box-description\">Sin tiempos de espera al reservar una cita para un test de ant\u00edgenos. Incluso sin cita puede realizarse el test de ant\u00edgenos.<\/p>\n<p>[\/vc_column_text][\/vc_column][vc_column width=&#8221;1\/3&#8243;][vc_column_text]<\/p>\n<h3 class=\"elementor-icon-box-title\">TEST PCR<\/h3>\n<p class=\"elementor-icon-box-description\">Incluso sin cita puede realizarse el test de ant\u00edgenos. Recibir\u00e1 el resultado 1-3 horas despu\u00e9s del test.<\/p>\n<p>[\/vc_column_text][\/vc_column][vc_column width=&#8221;1\/3&#8243;][vc_column_text]<\/p>\n<h3 class=\"elementor-icon-box-title\">CERTIFICADO DIGITAL PARA VIAJAR A TRAV\u00c9S DE C\u00d3DIGO QR<\/h3>\n<p class=\"elementor-icon-box-description\">Recibir\u00e1 el certificado de viaje con el c\u00f3digo QR<\/p>\n<p>[\/vc_column_text][\/vc_column][\/vc_row][vc_row][vc_column width=&#8221;1\/3&#8243;][vc_column_text]<\/p>\n<h3 class=\"elementor-icon-box-title\">RESULTADOS ENVIADOS AL E-MAIL<\/h3>\n<p class=\"elementor-icon-box-description\">Recibir\u00e1 el certificado del test de ant\u00edgenos en 20 minutos y el de la prueba PCR en 24-48 horas a trav\u00e9s del e-mail.<\/p>\n<p>[\/vc_column_text][\/vc_column][vc_column width=&#8221;1\/3&#8243;][vc_column_text]<\/p>\n<h3 class=\"elementor-icon-box-title\">FACIL Y SEGURO<\/h3>\n<p class=\"elementor-icon-box-description\">Las pruebas son llevadas a cabo exclusivamente por profesionales sanitarios.<\/p>\n<p>[\/vc_column_text][\/vc_column][vc_column width=&#8221;1\/3&#8243;][vc_column_text]<\/p>\n<h3 class=\"elementor-icon-box-title\">RESERVA DE CITA SIMPLE Y FIABLE<\/h3>\n<p class=\"elementor-icon-box-description\">Reserve su test COVID f\u00e1cilmente a trav\u00e9s de nuestra herramienta multiling\u00fce.<\/p>\n<p>[\/vc_column_text][\/vc_column][\/vc_row][vc_row][vc_column][vc_empty_space height=&#8221;20px&#8221;][vc_column_text]<\/p>\n<h2 class=\"elementor-heading-title elementor-size-default\">FAQ CORONA TESTZENTRUM MALLORCA<\/h2>\n<p>[\/vc_column_text][\/vc_column][\/vc_row][vc_row][vc_column width=&#8221;1\/2&#8243;][vc_tta_accordion spacing=&#8221;5&#8243; active_section=&#8221;&#8221; no_fill=&#8221;true&#8221; collapsible_all=&#8221;true&#8221;][vc_tta_section title=&#8221;\u00bfQU\u00c9 NECESITO PARA LA CITA?&#8221; tab_id=&#8221;1648738603543-4bddaaef-85fa&#8221;][vc_column_text]<\/p>\n<ul>\n<li>Mascarilla quir\u00fargica o FFP2<\/li>\n<li>DNI o pasaporte<\/li>\n<li>QR de confirmaci\u00f3n del e-mail<\/li>\n<\/ul>\n<p>[\/vc_column_text][\/vc_tta_section][vc_tta_section title=&#8221;\u00bfNECESITO UNA CITA EN EL CENTRO DE TESTS COVID?&#8221; tab_id=&#8221;1648738743507-0c957df8-b314&#8243;][vc_column_text]La cita para el test de ant\u00edgenos, PCR o anticuerpos se puede pedir a trav\u00e9s de nuestra herramienta multiling\u00fce.[\/vc_column_text][\/vc_tta_section][vc_tta_section title=&#8221;\u00bfC\u00d3MO SE REALIZA EL TEST?&#8221; tab_id=&#8221;1648738769119-7cb93b3b-2624&#8243;][vc_column_text]La muestra es nasal para el test de ant\u00edgenos y nasofaringea para la PCR. El muestreo dura unos 20 segundos. Nuestro personal est\u00e1 cualificado para el muestreo correcto y cuidadoso. Recibir\u00e1 el resultado del test a trav\u00e9s del e-mail.[\/vc_column_text][\/vc_tta_section][vc_tta_section title=&#8221;\u00bfLOS TESTS EST\u00c1N CERTIFICADOS?&#8221; tab_id=&#8221;1648738842002-c1e40273-5f27&#8243;][vc_column_text]En nuestros centros s\u00f3lo se utilizan tests con certificaci\u00f3n de la Uni\u00f3n Europea y tienen la marca CE.[\/vc_column_text][\/vc_tta_section][vc_tta_section title=&#8221;\u00bfLOS CERTIFICADOS SON RECONOCIDOS INTERNACIONALMENTE?&#8221; tab_id=&#8221;1648738856545-3ba6611f-706e&#8221;][vc_column_text]Nuestros certificados son aceptados en todos los paises de la UE y tambi\u00e9n en Reino Unido, Islandia, Noruega, Liechtenstein y Suiza. Las regulaciones pueden cambiar con poca antelaci\u00f3n. Siempre revise las normas en el pa\u00eds de destino.[\/vc_column_text][\/vc_tta_section][vc_tta_section title=&#8221;\u00bfHAY TESTS GRATIS?&#8221; tab_id=&#8221;1648738603556-4c2d721b-37ec&#8221;][vc_column_text]Desafortunadamente en Espa\u00f1a no hay tests gratis. Tanto los espa\u00f1oles como los extranjeros deben pagar sus propios tests de COVID.[\/vc_column_text][\/vc_tta_section][vc_tta_section title=&#8221;\u00bfC\u00d3MO PUEDO PAGAR POR EL TEST DE COVID?&#8221; tab_id=&#8221;1648738896924-1a197766-ff6c&#8221;][vc_column_text]El importe ser\u00e1 pagado en el centro de tests antes del muestreo. Se puede pagar en efectivo y tarjeta bancaria.[\/vc_column_text][\/vc_tta_section][\/vc_tta_accordion][\/vc_column][vc_column width=&#8221;1\/2&#8243;][vc_tta_accordion spacing=&#8221;5&#8243; active_section=&#8221;&#8221; no_fill=&#8221;true&#8221; collapsible_all=&#8221;true&#8221;][vc_tta_section title=&#8221;\u00bfQU\u00c9 DATOS CONTIENE EL CERTIFICADO?&#8221; tab_id=&#8221;1648738925374-ec7fa996-cada&#8221;][vc_column_text]<\/p>\n<ul>\n<li>Fecha y hora del test.<\/li>\n<li>Nombre, fecha de nacimiento y direcci\u00f3n de la persona analizada<\/li>\n<li>DNI o pasaporte<\/li>\n<li>Informaci\u00f3n del tipo de test y el fabricante<\/li>\n<\/ul>\n<p>[\/vc_column_text][\/vc_tta_section][vc_tta_section title=&#8221;\u00bfCU\u00c1L ES LA DIFERENCIA ENTRE LOS DIFERENTES TESTS?&#8221; tab_id=&#8221;1648738925398-b187d032-183b&#8221;][vc_column_text]Un test de ant\u00edgenos se evalua despu\u00e9s de 20 minutos y detecta la infecci\u00f3n en un corto periodo de tiempo. La prueba PCR necesita 48 horas pero el resultado es m\u00e1s preciso. Ambos tests pueden ser utilizados como documentos de entrada a muchos paises si el resultado es negativo. Tests de anticuerpos no son aptos para viajar ya que no detectan una infecci\u00f3n actual. Las regulaciones pueden cambiar con poca antelaci\u00f3n. Siempre revise las normas en el pa\u00eds de destino.[\/vc_column_text][\/vc_tta_section][vc_tta_section title=&#8221;\u00bfQU\u00c9 NECESITO HACER ANTES DEL TEST?&#8221; tab_id=&#8221;1648738925427-3b12e5cd-df3e&#8221;][vc_column_text]Para que el resultado del test sea m\u00e1s fiable hay algunos requisitos que se deben cumplir. Por favor evite consumir alimentos y bebidas 15 minutos antes de la realizaci\u00f3n del test. Tampoco se debe fumar en este periodo de tiempo.<br \/>\nPara protegerse a usted mismo y a nuestro personal siempre lleve puesta su mascarilla en el centro.[\/vc_column_text][\/vc_tta_section][vc_tta_section title=&#8221;\u00bfLOS CENTROS DE TESTS EST\u00c1N CERTIFICADOS?&#8221; tab_id=&#8221;1648738925456-98f2ca90-3d4e&#8221;][vc_column_text]Todos los centros han sido certificados por la Autoridad Sanitaria de Espa\u00f1a.[\/vc_column_text][\/vc_tta_section][vc_tta_section title=&#8221;\u00bfLOS TESTS SON RECONOCIDOS POR TODAS LAS AEROL\u00cdNEAS?&#8221; tab_id=&#8221;1648738925485-65a0c7d3-f474&#8243;][vc_column_text]Nuestros tests de ant\u00edgenos y PCRs son aceptados por todas las aerol\u00edneas. Por favor recuerde que el test de anticuerpos no puede detectar infecciones actuales.[\/vc_column_text][\/vc_tta_section][vc_tta_section title=&#8221;\u00bfQUI\u00c9N REALIZA LOS TESTS?&#8221; tab_id=&#8221;1648738925514-0d8341ed-fe06&#8243;][vc_column_text]Todo nuestro personal ha realizado una formaci\u00f3n m\u00e9dica. Adem\u00e1s el personal est\u00e1 formado continuamente por el Dr. Luai Chadid.[\/vc_column_text][\/vc_tta_section][vc_tta_section title=&#8221;\u00bfQU\u00c9 PASA SI EL TEST ES POSITIVO?&#8221; tab_id=&#8221;1648738925545-36c53009-362c&#8221;][vc_column_text]Los tests positivos deben ser reportados a las autoridades sanitarias espa\u00f1olas. En caso de positivo en los tests de ant\u00edgenos, ofrecemos control de test gratuito. Las autoridades sanitarias espa\u00f1olas se pondr\u00e1n en contacto y especificar\u00e1n el seguimiento en caso de un test positivo.[\/vc_column_text][\/vc_tta_section][\/vc_tta_accordion][\/vc_column][\/vc_row]<\/p>\n<\/section>","protected":false},"excerpt":{"rendered":"<p>[vc_row][vc_column][vc_empty_space height=&#8221;20px&#8221;][\/vc_column][\/vc_row][vc_row gap=&#8221;5&#8243;][vc_column width=&#8221;1\/3&#8243; css=&#8221;.vc_custom_1648737930360{background-color: #f4f4f4 !important;}&#8221;][vc_column_text] TEST ANT\u00cdGENOS R\u00c1PIDOS 30\u20ac RESULTADOS EN 15 MINUTOS INCLUYE CERTIFICADO [\/vc_column_text][vc_column_text] RESERVA CITA [\/vc_column_text][\/vc_column][vc_column width=&#8221;1\/3&#8243; css=&#8221;.vc_custom_1648737936029{background-color: #f4f4f4 !important;}&#8221;][vc_column_text] TEST-PCR [&hellip;]<\/p>\n","protected":false},"author":8,"featured_media":0,"parent":0,"menu_order":0,"comment_status":"closed","ping_status":"closed","template":"","meta":{"footnotes":""},"class_list":["post-6281","page","type-page","status-publish","hentry"],"yoast_head":"<!-- This site is optimized with the Yoast SEO plugin v27.3 - https:\/\/yoast.com\/product\/yoast-seo-wordpress\/ -->\n<title>Corona Antigen-Schnell-Test oder PCR-Test in Palma de Mallorca<\/title>\n<meta name=\"description\" content=\"Buchen Sie hier Ihren Corona Antigen-Schnell-Test oder PCR-Test. Testergebnisse nach 15 Minuten oder PCR nach 1 bis 3 Stunden. Einfach Terminbuchung.\" \/>\n<meta name=\"robots\" content=\"index, follow, max-snippet:-1, max-image-preview:large, max-video-preview:-1\" \/>\n<link rel=\"canonical\" href=\"https:\/\/www.clinica-picasso.eu\/es\/informacion-acerca-de-pruebas-de-covid-19\/\" \/>\n<meta property=\"og:locale\" content=\"es_ES\" \/>\n<meta property=\"og:type\" content=\"article\" \/>\n<meta property=\"og:title\" content=\"Corona Antigen-Schnell-Test oder PCR-Test in Palma de Mallorca\" \/>\n<meta property=\"og:description\" content=\"Buchen Sie hier Ihren Corona Antigen-Schnell-Test oder PCR-Test. Testergebnisse nach 15 Minuten oder PCR nach 1 bis 3 Stunden. Einfach Terminbuchung.\" \/>\n<meta property=\"og:url\" content=\"https:\/\/www.clinica-picasso.eu\/es\/informacion-acerca-de-pruebas-de-covid-19\/\" \/>\n<meta property=\"og:site_name\" content=\"Clinica Picasso\" \/>\n<meta property=\"article:publisher\" content=\"https:\/\/www.facebook.com\/clinicapicasso\/\" \/>\n<meta property=\"article:modified_time\" content=\"2022-06-27T09:13:44+00:00\" \/>\n<meta name=\"twitter:label1\" content=\"Tiempo de lectura\" \/>\n\t<meta name=\"twitter:data1\" content=\"6 minutos\" \/>\n<script type=\"application\/ld+json\" class=\"yoast-schema-graph\">{\"@context\":\"https:\\\/\\\/schema.org\",\"@graph\":[{\"@type\":\"WebPage\",\"@id\":\"https:\\\/\\\/www.clinica-picasso.eu\\\/es\\\/informacion-acerca-de-pruebas-de-covid-19\\\/\",\"url\":\"https:\\\/\\\/www.clinica-picasso.eu\\\/es\\\/informacion-acerca-de-pruebas-de-covid-19\\\/\",\"name\":\"Corona Antigen-Schnell-Test oder PCR-Test in Palma de Mallorca\",\"isPartOf\":{\"@id\":\"https:\\\/\\\/www.clinica-picasso.eu\\\/#website\"},\"datePublished\":\"2020-08-17T11:40:55+00:00\",\"dateModified\":\"2022-06-27T09:13:44+00:00\",\"description\":\"Buchen Sie hier Ihren Corona Antigen-Schnell-Test oder PCR-Test. Testergebnisse nach 15 Minuten oder PCR nach 1 bis 3 Stunden. Einfach Terminbuchung.\",\"breadcrumb\":{\"@id\":\"https:\\\/\\\/www.clinica-picasso.eu\\\/es\\\/informacion-acerca-de-pruebas-de-covid-19\\\/#breadcrumb\"},\"inLanguage\":\"es\",\"potentialAction\":[{\"@type\":\"ReadAction\",\"target\":[\"https:\\\/\\\/www.clinica-picasso.eu\\\/es\\\/informacion-acerca-de-pruebas-de-covid-19\\\/\"]}]},{\"@type\":\"BreadcrumbList\",\"@id\":\"https:\\\/\\\/www.clinica-picasso.eu\\\/es\\\/informacion-acerca-de-pruebas-de-covid-19\\\/#breadcrumb\",\"itemListElement\":[{\"@type\":\"ListItem\",\"position\":1,\"name\":\"Startseite\",\"item\":\"https:\\\/\\\/www.clinica-picasso.eu\\\/es\\\/\"},{\"@type\":\"ListItem\",\"position\":2,\"name\":\"Informaci\u00f3n acerca de pruebas de COVID-19\"}]},{\"@type\":\"WebSite\",\"@id\":\"https:\\\/\\\/www.clinica-picasso.eu\\\/#website\",\"url\":\"https:\\\/\\\/www.clinica-picasso.eu\\\/\",\"name\":\"Clinica Picasso\",\"description\":\"Arzt Klinik Mallorca - in unserem Internationalen Facharzt-Zentrum finden Sie u.a.: Chirurg, Kinderarzt, Urologe, Psychologe, Zahnarzt, Dermatologe, Urologe, HNO, Orthop\u00e4de, Neurologe, Psychotherapeut...\",\"publisher\":{\"@id\":\"https:\\\/\\\/www.clinica-picasso.eu\\\/#organization\"},\"potentialAction\":[{\"@type\":\"SearchAction\",\"target\":{\"@type\":\"EntryPoint\",\"urlTemplate\":\"https:\\\/\\\/www.clinica-picasso.eu\\\/?s={search_term_string}\"},\"query-input\":{\"@type\":\"PropertyValueSpecification\",\"valueRequired\":true,\"valueName\":\"search_term_string\"}}],\"inLanguage\":\"es\"},{\"@type\":\"Organization\",\"@id\":\"https:\\\/\\\/www.clinica-picasso.eu\\\/#organization\",\"name\":\"Clinica Picasso\",\"url\":\"https:\\\/\\\/www.clinica-picasso.eu\\\/\",\"logo\":{\"@type\":\"ImageObject\",\"inLanguage\":\"es\",\"@id\":\"https:\\\/\\\/www.clinica-picasso.eu\\\/#\\\/schema\\\/logo\\\/image\\\/\",\"url\":\"https:\\\/\\\/www.clinica-picasso.eu\\\/wp-content\\\/uploads\\\/2025\\\/09\\\/clipic-logo-only-2.webp\",\"contentUrl\":\"https:\\\/\\\/www.clinica-picasso.eu\\\/wp-content\\\/uploads\\\/2025\\\/09\\\/clipic-logo-only-2.webp\",\"width\":162,\"height\":210,\"caption\":\"Clinica Picasso\"},\"image\":{\"@id\":\"https:\\\/\\\/www.clinica-picasso.eu\\\/#\\\/schema\\\/logo\\\/image\\\/\"},\"sameAs\":[\"https:\\\/\\\/www.facebook.com\\\/clinicapicasso\\\/\",\"https:\\\/\\\/www.youtube.com\\\/channel\\\/UCJpffO0lLskkoFyPgbzQlcA\"]}]}<\/script>\n<!-- \/ Yoast SEO plugin. -->","yoast_head_json":{"title":"Corona Antigen-Schnell-Test oder PCR-Test in Palma de Mallorca","description":"Buchen Sie hier Ihren Corona Antigen-Schnell-Test oder PCR-Test. Testergebnisse nach 15 Minuten oder PCR nach 1 bis 3 Stunden. Einfach Terminbuchung.","robots":{"index":"index","follow":"follow","max-snippet":"max-snippet:-1","max-image-preview":"max-image-preview:large","max-video-preview":"max-video-preview:-1"},"canonical":"https:\/\/www.clinica-picasso.eu\/es\/informacion-acerca-de-pruebas-de-covid-19\/","og_locale":"es_ES","og_type":"article","og_title":"Corona Antigen-Schnell-Test oder PCR-Test in Palma de Mallorca","og_description":"Buchen Sie hier Ihren Corona Antigen-Schnell-Test oder PCR-Test. Testergebnisse nach 15 Minuten oder PCR nach 1 bis 3 Stunden. Einfach Terminbuchung.","og_url":"https:\/\/www.clinica-picasso.eu\/es\/informacion-acerca-de-pruebas-de-covid-19\/","og_site_name":"Clinica Picasso","article_publisher":"https:\/\/www.facebook.com\/clinicapicasso\/","article_modified_time":"2022-06-27T09:13:44+00:00","twitter_misc":{"Tiempo de lectura":"6 minutos"},"schema":{"@context":"https:\/\/schema.org","@graph":[{"@type":"WebPage","@id":"https:\/\/www.clinica-picasso.eu\/es\/informacion-acerca-de-pruebas-de-covid-19\/","url":"https:\/\/www.clinica-picasso.eu\/es\/informacion-acerca-de-pruebas-de-covid-19\/","name":"Corona Antigen-Schnell-Test oder PCR-Test in Palma de Mallorca","isPartOf":{"@id":"https:\/\/www.clinica-picasso.eu\/#website"},"datePublished":"2020-08-17T11:40:55+00:00","dateModified":"2022-06-27T09:13:44+00:00","description":"Buchen Sie hier Ihren Corona Antigen-Schnell-Test oder PCR-Test. Testergebnisse nach 15 Minuten oder PCR nach 1 bis 3 Stunden. Einfach Terminbuchung.","breadcrumb":{"@id":"https:\/\/www.clinica-picasso.eu\/es\/informacion-acerca-de-pruebas-de-covid-19\/#breadcrumb"},"inLanguage":"es","potentialAction":[{"@type":"ReadAction","target":["https:\/\/www.clinica-picasso.eu\/es\/informacion-acerca-de-pruebas-de-covid-19\/"]}]},{"@type":"BreadcrumbList","@id":"https:\/\/www.clinica-picasso.eu\/es\/informacion-acerca-de-pruebas-de-covid-19\/#breadcrumb","itemListElement":[{"@type":"ListItem","position":1,"name":"Startseite","item":"https:\/\/www.clinica-picasso.eu\/es\/"},{"@type":"ListItem","position":2,"name":"Informaci\u00f3n acerca de pruebas de COVID-19"}]},{"@type":"WebSite","@id":"https:\/\/www.clinica-picasso.eu\/#website","url":"https:\/\/www.clinica-picasso.eu\/","name":"Clinica Picasso","description":"Arzt Klinik Mallorca - in unserem Internationalen Facharzt-Zentrum finden Sie u.a.: Chirurg, Kinderarzt, Urologe, Psychologe, Zahnarzt, Dermatologe, Urologe, HNO, Orthop\u00e4de, Neurologe, Psychotherapeut...","publisher":{"@id":"https:\/\/www.clinica-picasso.eu\/#organization"},"potentialAction":[{"@type":"SearchAction","target":{"@type":"EntryPoint","urlTemplate":"https:\/\/www.clinica-picasso.eu\/?s={search_term_string}"},"query-input":{"@type":"PropertyValueSpecification","valueRequired":true,"valueName":"search_term_string"}}],"inLanguage":"es"},{"@type":"Organization","@id":"https:\/\/www.clinica-picasso.eu\/#organization","name":"Clinica Picasso","url":"https:\/\/www.clinica-picasso.eu\/","logo":{"@type":"ImageObject","inLanguage":"es","@id":"https:\/\/www.clinica-picasso.eu\/#\/schema\/logo\/image\/","url":"https:\/\/www.clinica-picasso.eu\/wp-content\/uploads\/2025\/09\/clipic-logo-only-2.webp","contentUrl":"https:\/\/www.clinica-picasso.eu\/wp-content\/uploads\/2025\/09\/clipic-logo-only-2.webp","width":162,"height":210,"caption":"Clinica Picasso"},"image":{"@id":"https:\/\/www.clinica-picasso.eu\/#\/schema\/logo\/image\/"},"sameAs":["https:\/\/www.facebook.com\/clinicapicasso\/","https:\/\/www.youtube.com\/channel\/UCJpffO0lLskkoFyPgbzQlcA"]}]}},"_links":{"self":[{"href":"https:\/\/www.clinica-picasso.eu\/es\/wp-json\/wp\/v2\/pages\/6281","targetHints":{"allow":["GET"]}}],"collection":[{"href":"https:\/\/www.clinica-picasso.eu\/es\/wp-json\/wp\/v2\/pages"}],"about":[{"href":"https:\/\/www.clinica-picasso.eu\/es\/wp-json\/wp\/v2\/types\/page"}],"author":[{"embeddable":true,"href":"https:\/\/www.clinica-picasso.eu\/es\/wp-json\/wp\/v2\/users\/8"}],"replies":[{"embeddable":true,"href":"https:\/\/www.clinica-picasso.eu\/es\/wp-json\/wp\/v2\/comments?post=6281"}],"version-history":[{"count":20,"href":"https:\/\/www.clinica-picasso.eu\/es\/wp-json\/wp\/v2\/pages\/6281\/revisions"}],"predecessor-version":[{"id":6505,"href":"https:\/\/www.clinica-picasso.eu\/es\/wp-json\/wp\/v2\/pages\/6281\/revisions\/6505"}],"wp:attachment":[{"href":"https:\/\/www.clinica-picasso.eu\/es\/wp-json\/wp\/v2\/media?parent=6281"}],"curies":[{"name":"wp","href":"https:\/\/api.w.org\/{rel}","templated":true}]}}